{"id":5751,"date":"2021-05-26T20:32:11","date_gmt":"2021-05-26T19:32:11","guid":{"rendered":"https:\/\/awasuka.org\/?page_id=5751"},"modified":"2021-05-29T13:01:09","modified_gmt":"2021-05-29T12:01:09","slug":"emergencia-covid","status":"publish","type":"page","link":"https:\/\/awasuka.org\/es\/emergencia-covid\/","title":{"rendered":"Emergencia COVID"},"content":{"rendered":"\n<style type=\"text\/css\" data-created_by=\"avia_inline_auto\" id=\"style-css-av-kp4l3ve4-9facd3943979b2d552a5991d3917e628\">\n.avia-section.av-kp4l3ve4-9facd3943979b2d552a5991d3917e628{\nbackground-color:#e46c0b;\nbackground-image:unset;\n}\n<\/style>\n<div id='av_section_1'  class='avia-section av-kp4l3ve4-9facd3943979b2d552a5991d3917e628 main_color avia-section-default avia-no-border-styling  avia-builder-el-0  el_before_av_one_half  avia-builder-el-first  avia-bg-style-scroll container_wrap fullsize'  ><div class='container av-section-cont-open' ><main  role=\"main\" itemprop=\"mainContentOfPage\"  class='template-page content  av-content-full alpha units'><div class='post-entry post-entry-type-page post-entry-5751'><div class='entry-content-wrapper clearfix'>\n\n<style type=\"text\/css\" data-created_by=\"avia_inline_auto\" id=\"style-css-av-kp4l24hk-6496d409e3d8e1f43c1d1426480c9f97\">\n#top .av-special-heading.av-kp4l24hk-6496d409e3d8e1f43c1d1426480c9f97{\npadding-bottom:10px;\ncolor:#ffffff;\n}\nbody .av-special-heading.av-kp4l24hk-6496d409e3d8e1f43c1d1426480c9f97 .av-special-heading-tag .heading-char{\nfont-size:25px;\n}\n.av-special-heading.av-kp4l24hk-6496d409e3d8e1f43c1d1426480c9f97 .special-heading-inner-border{\nborder-color:#ffffff;\n}\n.av-special-heading.av-kp4l24hk-6496d409e3d8e1f43c1d1426480c9f97 .av-subheading{\nfont-size:15px;\n}\n<\/style>\n<div  class='av-special-heading av-kp4l24hk-6496d409e3d8e1f43c1d1426480c9f97 av-special-heading-h1 custom-color-heading blockquote modern-quote  avia-builder-el-1  avia-builder-el-no-sibling '><div class='av_custom_color av-subheading av-subheading_above'><p>Participa<\/p>\n<\/div><h1 class='av-special-heading-tag '  itemprop=\"headline\"  >Emergencia COVID<\/h1><div class=\"special-heading-border\"><div class=\"special-heading-inner-border\"><\/div><\/div><\/div>\n<\/div><\/div><\/main><!-- close content main element --><\/div><\/div><div id='after_section_1'  class='main_color av_default_container_wrap container_wrap fullsize'  ><div class='container av-section-cont-open' ><div class='template-page content  av-content-full alpha units'><div class='post-entry post-entry-type-page post-entry-5751'><div class='entry-content-wrapper clearfix'>\n\n<style type=\"text\/css\" data-created_by=\"avia_inline_auto\" id=\"style-css-av-3um9h4-6942b7c3d9d91cf41c89f3db54d4095f\">\n.flex_column.av-3um9h4-6942b7c3d9d91cf41c89f3db54d4095f{\nborder-radius:0px 0px 0px 0px;\npadding:0px 0px 0px 0px;\n}\n<\/style>\n<div  class='flex_column av-3um9h4-6942b7c3d9d91cf41c89f3db54d4095f av_one_half  avia-builder-el-2  el_after_av_section  el_before_av_one_half  avia-builder-el-first  first flex_column_div av-zero-column-padding  '     ><section  class='av_textblock_section av-kp5tnr5u-ce1301482a5c28d2be5b57f20c143f4a '   itemscope=\"itemscope\" itemtype=\"https:\/\/schema.org\/CreativeWork\" ><div class='avia_textblock'  itemprop=\"text\" ><p>Durante la primavera del 2021 la pandemia est\u00e1 golpeando fuerte en Nepal y el pa\u00eds se encuentra en situaci\u00f3n de <strong>emergencia sanitaria<\/strong>. La zona rural de Bhimphedi no dispone de suficientes camas para poder tratar a todas las personas infectadas&#8230; y estas van en aumento.<\/p>\n<p>Desde Awasuka nos proponemos colaborar con el Hospital de Bhimphedi para <strong>aumentar el n\u00famero de camas <\/strong>de la zona de tratamientos de enfermos COVID, con todo el equipamiento necesario: <strong>bombonas i generadores de ox\u00edgeno<\/strong>. Tambi\u00e9n se proporcionaran <strong>pulsiox\u00edmetros<\/strong> para poder monitoritzar a los pacients COVID que se encuentran en zonas remotas.<\/p>\n<\/div><\/section><\/div>\n<style type=\"text\/css\" data-created_by=\"avia_inline_auto\" id=\"style-css-av-2coe2g-b91a97abde216ba20895aa3aa860b530\">\n.flex_column.av-2coe2g-b91a97abde216ba20895aa3aa860b530{\nborder-radius:0px 0px 0px 0px;\npadding:0px 0px 0px 0px;\n}\n<\/style>\n<div  class='flex_column av-2coe2g-b91a97abde216ba20895aa3aa860b530 av_one_half  avia-builder-el-4  el_after_av_one_half  avia-builder-el-last  flex_column_div av-zero-column-padding  '     ><section  class='av_textblock_section av-kp5tozfi-775c032ee44eb810aa49fcad49c41e71 '   itemscope=\"itemscope\" itemtype=\"https:\/\/schema.org\/CreativeWork\" ><div class='avia_textblock'  itemprop=\"text\" ><div>\n<h3><strong>Ay\u00fadanos a tratar mas personas en el Hospital de Bhimphedi! <\/strong><\/h3>\n<p><strong>Contribuiremos a salvar muchas vidas.<\/strong><\/p>\n<\/div>\n<p>Haz tu ingreso a la cuenta de <em>Base-A<\/em>:<\/p>\n<blockquote>\n<p><strong>IBAN: ES51 1491 0001 2630 0007 8671<\/strong><br \/>\n<strong>BIC: TRIOESMMXXX<\/strong><\/p>\n<\/blockquote>\n<p>O a trav\u00e9s de PayPal con <em>El Cam\u00ed de la Solidaritat<\/em>:<\/p>\n<blockquote>\n<p><a href=\"https:\/\/www.paypal.com\/cgi-bin\/webscr?cmd=_s-xclick&amp;hosted_button_id=ZQKXC76XA8SHQ&amp;source=url\"><img loading=\"lazy\" decoding=\"async\" class=\"wp-image-4995 alignnone\" src=\"https:\/\/awasuka.org\/wp-content\/uploads\/2020\/04\/paypal2-2-300x83.png\" alt=\"PayPal\" width=\"150\" height=\"42\" srcset=\"https:\/\/awasuka.org\/wp-content\/uploads\/2020\/04\/paypal2-2-300x83.png 300w, https:\/\/awasuka.org\/wp-content\/uploads\/2020\/04\/paypal2-2.png 321w\" sizes=\"auto, (max-width: 150px) 100vw, 150px\" \/><\/a><\/p>\n<\/blockquote>\n<p>Recuerda escribir <strong>EMERGENCIA COVID<\/strong> en el concepto de la transferencia i <strong>Associaci\u00f3 Base-A<\/strong> como beneficiario.<\/p>\n<\/div><\/section><\/div><\/p>\n","protected":false},"excerpt":{"rendered":"","protected":false},"author":2,"featured_media":0,"parent":0,"menu_order":0,"comment_status":"closed","ping_status":"closed","template":"","meta":{"footnotes":""},"class_list":["post-5751","page","type-page","status-publish","hentry"],"yoast_head":"<!-- This site is optimized with the Yoast SEO plugin v27.5 - https:\/\/yoast.com\/product\/yoast-seo-wordpress\/ -->\n<title>Emergencia COVID - Awasuka.org<\/title>\n<meta name=\"robots\" content=\"index, follow, max-snippet:-1, max-image-preview:large, max-video-preview:-1\" \/>\n<link rel=\"canonical\" href=\"https:\/\/awasuka.org\/es\/emergencia-covid\/\" \/>\n<meta property=\"og:locale\" content=\"es_ES\" \/>\n<meta property=\"og:type\" content=\"article\" \/>\n<meta property=\"og:title\" content=\"Emergencia COVID - Awasuka.org\" \/>\n<meta property=\"og:url\" content=\"https:\/\/awasuka.org\/es\/emergencia-covid\/\" \/>\n<meta property=\"og:site_name\" content=\"Awasuka.org\" \/>\n<meta property=\"article:modified_time\" content=\"2021-05-29T12:01:09+00:00\" \/>\n<meta property=\"og:image\" content=\"https:\/\/awasuka.org\/wp-content\/uploads\/2020\/04\/paypal2-2-300x83.png\" \/>\n<meta name=\"twitter:card\" content=\"summary_large_image\" \/>\n<script type=\"application\/ld+json\" class=\"yoast-schema-graph\">{\"@context\":\"https:\\\/\\\/schema.org\",\"@graph\":[{\"@type\":\"WebPage\",\"@id\":\"https:\\\/\\\/awasuka.org\\\/es\\\/emergencia-covid\\\/\",\"url\":\"https:\\\/\\\/awasuka.org\\\/es\\\/emergencia-covid\\\/\",\"name\":\"Emergencia COVID - Awasuka.org\",\"isPartOf\":{\"@id\":\"https:\\\/\\\/awasuka.org\\\/es\\\/#website\"},\"primaryImageOfPage\":{\"@id\":\"https:\\\/\\\/awasuka.org\\\/es\\\/emergencia-covid\\\/#primaryimage\"},\"image\":{\"@id\":\"https:\\\/\\\/awasuka.org\\\/es\\\/emergencia-covid\\\/#primaryimage\"},\"thumbnailUrl\":\"https:\\\/\\\/awasuka.org\\\/wp-content\\\/uploads\\\/2020\\\/04\\\/paypal2-2-300x83.png\",\"datePublished\":\"2021-05-26T19:32:11+00:00\",\"dateModified\":\"2021-05-29T12:01:09+00:00\",\"breadcrumb\":{\"@id\":\"https:\\\/\\\/awasuka.org\\\/es\\\/emergencia-covid\\\/#breadcrumb\"},\"inLanguage\":\"es\",\"potentialAction\":[{\"@type\":\"ReadAction\",\"target\":[\"https:\\\/\\\/awasuka.org\\\/es\\\/emergencia-covid\\\/\"]}]},{\"@type\":\"ImageObject\",\"inLanguage\":\"es\",\"@id\":\"https:\\\/\\\/awasuka.org\\\/es\\\/emergencia-covid\\\/#primaryimage\",\"url\":\"https:\\\/\\\/awasuka.org\\\/wp-content\\\/uploads\\\/2020\\\/04\\\/paypal2-2-300x83.png\",\"contentUrl\":\"https:\\\/\\\/awasuka.org\\\/wp-content\\\/uploads\\\/2020\\\/04\\\/paypal2-2-300x83.png\"},{\"@type\":\"BreadcrumbList\",\"@id\":\"https:\\\/\\\/awasuka.org\\\/es\\\/emergencia-covid\\\/#breadcrumb\",\"itemListElement\":[{\"@type\":\"ListItem\",\"position\":1,\"name\":\"Portada\",\"item\":\"https:\\\/\\\/awasuka.org\\\/es\\\/home\\\/\"},{\"@type\":\"ListItem\",\"position\":2,\"name\":\"Emergencia COVID\"}]},{\"@type\":\"WebSite\",\"@id\":\"https:\\\/\\\/awasuka.org\\\/es\\\/#website\",\"url\":\"https:\\\/\\\/awasuka.org\\\/es\\\/\",\"name\":\"Awasuka.org\",\"description\":\"\",\"potentialAction\":[{\"@type\":\"SearchAction\",\"target\":{\"@type\":\"EntryPoint\",\"urlTemplate\":\"https:\\\/\\\/awasuka.org\\\/es\\\/?s={search_term_string}\"},\"query-input\":{\"@type\":\"PropertyValueSpecification\",\"valueRequired\":true,\"valueName\":\"search_term_string\"}}],\"inLanguage\":\"es\"}]}<\/script>\n<!-- \/ Yoast SEO plugin. -->","yoast_head_json":{"title":"Emergencia COVID - Awasuka.org","robots":{"index":"index","follow":"follow","max-snippet":"max-snippet:-1","max-image-preview":"max-image-preview:large","max-video-preview":"max-video-preview:-1"},"canonical":"https:\/\/awasuka.org\/es\/emergencia-covid\/","og_locale":"es_ES","og_type":"article","og_title":"Emergencia COVID - Awasuka.org","og_url":"https:\/\/awasuka.org\/es\/emergencia-covid\/","og_site_name":"Awasuka.org","article_modified_time":"2021-05-29T12:01:09+00:00","og_image":[{"url":"https:\/\/awasuka.org\/wp-content\/uploads\/2020\/04\/paypal2-2-300x83.png","type":"","width":"","height":""}],"twitter_card":"summary_large_image","schema":{"@context":"https:\/\/schema.org","@graph":[{"@type":"WebPage","@id":"https:\/\/awasuka.org\/es\/emergencia-covid\/","url":"https:\/\/awasuka.org\/es\/emergencia-covid\/","name":"Emergencia COVID - Awasuka.org","isPartOf":{"@id":"https:\/\/awasuka.org\/es\/#website"},"primaryImageOfPage":{"@id":"https:\/\/awasuka.org\/es\/emergencia-covid\/#primaryimage"},"image":{"@id":"https:\/\/awasuka.org\/es\/emergencia-covid\/#primaryimage"},"thumbnailUrl":"https:\/\/awasuka.org\/wp-content\/uploads\/2020\/04\/paypal2-2-300x83.png","datePublished":"2021-05-26T19:32:11+00:00","dateModified":"2021-05-29T12:01:09+00:00","breadcrumb":{"@id":"https:\/\/awasuka.org\/es\/emergencia-covid\/#breadcrumb"},"inLanguage":"es","potentialAction":[{"@type":"ReadAction","target":["https:\/\/awasuka.org\/es\/emergencia-covid\/"]}]},{"@type":"ImageObject","inLanguage":"es","@id":"https:\/\/awasuka.org\/es\/emergencia-covid\/#primaryimage","url":"https:\/\/awasuka.org\/wp-content\/uploads\/2020\/04\/paypal2-2-300x83.png","contentUrl":"https:\/\/awasuka.org\/wp-content\/uploads\/2020\/04\/paypal2-2-300x83.png"},{"@type":"BreadcrumbList","@id":"https:\/\/awasuka.org\/es\/emergencia-covid\/#breadcrumb","itemListElement":[{"@type":"ListItem","position":1,"name":"Portada","item":"https:\/\/awasuka.org\/es\/home\/"},{"@type":"ListItem","position":2,"name":"Emergencia COVID"}]},{"@type":"WebSite","@id":"https:\/\/awasuka.org\/es\/#website","url":"https:\/\/awasuka.org\/es\/","name":"Awasuka.org","description":"","potentialAction":[{"@type":"SearchAction","target":{"@type":"EntryPoint","urlTemplate":"https:\/\/awasuka.org\/es\/?s={search_term_string}"},"query-input":{"@type":"PropertyValueSpecification","valueRequired":true,"valueName":"search_term_string"}}],"inLanguage":"es"}]}},"_links":{"self":[{"href":"https:\/\/awasuka.org\/es\/wp-json\/wp\/v2\/pages\/5751","targetHints":{"allow":["GET"]}}],"collection":[{"href":"https:\/\/awasuka.org\/es\/wp-json\/wp\/v2\/pages"}],"about":[{"href":"https:\/\/awasuka.org\/es\/wp-json\/wp\/v2\/types\/page"}],"author":[{"embeddable":true,"href":"https:\/\/awasuka.org\/es\/wp-json\/wp\/v2\/users\/2"}],"replies":[{"embeddable":true,"href":"https:\/\/awasuka.org\/es\/wp-json\/wp\/v2\/comments?post=5751"}],"version-history":[{"count":0,"href":"https:\/\/awasuka.org\/es\/wp-json\/wp\/v2\/pages\/5751\/revisions"}],"wp:attachment":[{"href":"https:\/\/awasuka.org\/es\/wp-json\/wp\/v2\/media?parent=5751"}],"curies":[{"name":"wp","href":"https:\/\/api.w.org\/{rel}","templated":true}]}}