{"id":3913,"date":"2020-02-21T13:05:57","date_gmt":"2020-02-21T12:05:57","guid":{"rendered":"https:\/\/awasuka.org\/?page_id=3913"},"modified":"2023-02-26T11:03:08","modified_gmt":"2023-02-26T10:03:08","slug":"videos","status":"publish","type":"page","link":"https:\/\/awasuka.org\/es\/videos\/","title":{"rendered":"franja videos"},"content":{"rendered":"\n<style type=\"text\/css\" data-created_by=\"avia_inline_auto\" id=\"style-css-av-k6gm8zcs-f417f6fb3368cfd378523302ec3eb10d\">\n.avia-section.av-k6gm8zcs-f417f6fb3368cfd378523302ec3eb10d{\nbackground-color:#e2d9b7;\nbackground-image:unset;\n}\n<\/style>\n<div id='av_section_1'  class='avia-section av-k6gm8zcs-f417f6fb3368cfd378523302ec3eb10d main_color avia-section-default avia-no-border-styling  avia-builder-el-0  avia-builder-el-no-sibling  avia-bg-style-scroll container_wrap fullsize'  ><div class='container av-section-cont-open' ><main  role=\"main\" itemprop=\"mainContentOfPage\"  class='template-page content  av-content-full alpha units'><div class='post-entry post-entry-type-page post-entry-3913'><div class='entry-content-wrapper clearfix'>\n\n<style type=\"text\/css\" data-created_by=\"avia_inline_auto\" id=\"style-css-av-88wy33-aa6da3120549bc8cda0d349f2735a9d9\">\n.flex_column.av-88wy33-aa6da3120549bc8cda0d349f2735a9d9{\nborder-radius:0px 0px 0px 0px;\npadding:0px 0px 0px 0px;\n}\n<\/style>\n<div  class='flex_column av-88wy33-aa6da3120549bc8cda0d349f2735a9d9 av_one_full  avia-builder-el-1  el_before_av_one_third  avia-builder-el-first  first flex_column_div av-zero-column-padding  '     ><p>\n<style type=\"text\/css\" data-created_by=\"avia_inline_auto\" id=\"style-css-av-k6gmct47-2aa450b3296de8dc91692a70c9bea63e\">\n#top .av-special-heading.av-k6gmct47-2aa450b3296de8dc91692a70c9bea63e{\npadding-bottom:10px;\n}\nbody .av-special-heading.av-k6gmct47-2aa450b3296de8dc91692a70c9bea63e .av-special-heading-tag .heading-char{\nfont-size:25px;\n}\n.av-special-heading.av-k6gmct47-2aa450b3296de8dc91692a70c9bea63e .av-subheading{\nfont-size:15px;\n}\n<\/style>\n<div  class='av-special-heading av-k6gmct47-2aa450b3296de8dc91692a70c9bea63e av-special-heading-h2 blockquote modern-quote modern-centered  avia-builder-el-2  el_before_av_textblock  avia-builder-el-first '><h2 class='av-special-heading-tag '  itemprop=\"headline\"  >Activitat d\u2019Awasuka <\/h2><div class=\"special-heading-border\"><div class=\"special-heading-inner-border\"><\/div><\/div><\/div><br \/>\n<section  class='av_textblock_section av-k6gmalqb-dafd5163052cf41f18d4ef22a8fb32ef '   itemscope=\"itemscope\" itemtype=\"https:\/\/schema.org\/CreativeWork\" ><div class='avia_textblock'  itemprop=\"text\" ><p>Es centra en tres eixos principals: l\u2019arquitectura <strong>sismoresistent<\/strong>, la <strong>salubritat<\/strong> de les cases (aigua potable, cuines sense fum, etc&#8230;) i la preservaci\u00f3 del <strong>patrimoni<\/strong> hist\u00f2ric. Per aconseguir aquests objectius, un dels trets distintius d\u2019Awasuka \u00e9s la creaci\u00f3 de <strong>material de conscienciaci\u00f3<\/strong> a trav\u00e9s de les arts, sobretot utilitzant la <strong>m\u00fasica<\/strong>, les <strong>can\u00e7ons<\/strong> i la <strong>dansa<\/strong>, per tal d\u2019arribar de forma diferent i \u00fanica als beneficiaris.<\/p>\n<\/div><\/section><\/p><\/div>\n<style type=\"text\/css\" data-created_by=\"avia_inline_auto\" id=\"style-css-av-5k4ajz-2ce9329c343ec79a3507a15ccc94d62d\">\n.flex_column.av-5k4ajz-2ce9329c343ec79a3507a15ccc94d62d{\nborder-radius:0px 0px 0px 0px;\npadding:0px 0px 0px 0px;\n}\n<\/style>\n<div  class='flex_column av-5k4ajz-2ce9329c343ec79a3507a15ccc94d62d av_one_third  avia-builder-el-4  el_after_av_one_full  el_before_av_one_third  first flex_column_div av-zero-column-padding  column-top-margin'     ><div  class='avia-video av-k6gmasju-5abb983895b53951fcf657e92a2a946d avia-video-16-9 av-no-preview-image avia-video-load-always av-lazyload-immediate av-lazyload-video-embed'  itemprop=\"video\" itemtype=\"https:\/\/schema.org\/VideoObject\"  data-original_url='https:\/\/www.youtube.com\/watch?v=w7oxYNGsKQo'><script type='text\/html' class='av-video-tmpl'><div class='avia-iframe-wrap'><iframe loading=\"lazy\" title=\"Water Paani - Monica Sans Duran\" width=\"1500\" height=\"844\" src=\"https:\/\/www.youtube.com\/embed\/w7oxYNGsKQo?feature=oembed&autoplay=0&loop=0&controls=1&mute=0\" frameborder=\"0\" allow=\"accelerometer; autoplay; encrypted-media; gyroscope; picture-in-picture\" allowfullscreen><\/iframe><\/div><\/script><div class='av-click-to-play-overlay'><div class=\"avia_playpause_icon\"><\/div><\/div><\/div><\/div>\n<style type=\"text\/css\" data-created_by=\"avia_inline_auto\" id=\"style-css-av-49vrpr-bde95c4405f9493c6e71e794f6c702f5\">\n.flex_column.av-49vrpr-bde95c4405f9493c6e71e794f6c702f5{\nborder-radius:0px 0px 0px 0px;\npadding:0px 0px 0px 0px;\n}\n<\/style>\n<div  class='flex_column av-49vrpr-bde95c4405f9493c6e71e794f6c702f5 av_one_third  avia-builder-el-6  el_after_av_one_third  el_before_av_one_third  flex_column_div av-zero-column-padding  column-top-margin'     ><div  class='avia-video av-k6gmayef-7443b45292e1c48786ba3b6b812657a4 avia-video-16-9 av-no-preview-image avia-video-load-always av-lazyload-immediate av-lazyload-video-embed'  itemprop=\"video\" itemtype=\"https:\/\/schema.org\/VideoObject\"  data-original_url='https:\/\/www.youtube.com\/watch?v=lUvfnMapogM&amp;t=15s'><script type='text\/html' class='av-video-tmpl'><div class='avia-iframe-wrap'><iframe loading=\"lazy\" title=\"BLOCK, WOOD or STONE | Monica Sans Duran ft. Bhimphedi Guys | Social Awareness Video | AWASUKA\" width=\"1500\" height=\"844\" src=\"https:\/\/www.youtube.com\/embed\/lUvfnMapogM?start=15&feature=oembed&autoplay=0&loop=0&controls=1&mute=0\" frameborder=\"0\" allow=\"accelerometer; autoplay; encrypted-media; gyroscope; picture-in-picture\" allowfullscreen><\/iframe><\/div><\/script><div class='av-click-to-play-overlay'><div class=\"avia_playpause_icon\"><\/div><\/div><\/div><\/div>\n<style type=\"text\/css\" data-created_by=\"avia_inline_auto\" id=\"style-css-av-26skwf-1fc46f7c2b44a1137a0d7ff21515ccc1\">\n.flex_column.av-26skwf-1fc46f7c2b44a1137a0d7ff21515ccc1{\nborder-radius:0px 0px 0px 0px;\npadding:0px 0px 0px 0px;\n}\n<\/style>\n<div  class='flex_column av-26skwf-1fc46f7c2b44a1137a0d7ff21515ccc1 av_one_third  avia-builder-el-8  el_after_av_one_third  avia-builder-el-last  flex_column_div av-zero-column-padding  column-top-margin'     ><div  class='avia-video av-k6gmb3mf-e595f384829a81e5e59e4f81b435e6e0 avia-video-16-9 av-no-preview-image avia-video-load-always av-lazyload-immediate av-lazyload-video-embed'  itemprop=\"video\" itemtype=\"https:\/\/schema.org\/VideoObject\"  data-original_url='https:\/\/www.youtube.com\/watch?v=0Syyw6grh9c&amp;feature=youtu.be'><script type='text\/html' class='av-video-tmpl'><div class='avia-iframe-wrap'><iframe loading=\"lazy\" title=\"AWASUKA - PRACTICAL ACTION  |  Chimneys in Bhimphedi Municipality\" width=\"1500\" height=\"844\" src=\"https:\/\/www.youtube.com\/embed\/0Syyw6grh9c?feature=oembed&autoplay=0&loop=0&controls=1&mute=0\" frameborder=\"0\" allow=\"accelerometer; autoplay; encrypted-media; gyroscope; picture-in-picture\" allowfullscreen><\/iframe><\/div><\/script><div class='av-click-to-play-overlay'><div class=\"avia_playpause_icon\"><\/div><\/div><\/div><\/div>\n\n","protected":false},"excerpt":{"rendered":"","protected":false},"author":1,"featured_media":0,"parent":0,"menu_order":0,"comment_status":"closed","ping_status":"closed","template":"","meta":{"footnotes":""},"class_list":["post-3913","page","type-page","status-publish","hentry"],"yoast_head":"<!-- This site is optimized with the Yoast SEO plugin v27.4 - https:\/\/yoast.com\/product\/yoast-seo-wordpress\/ -->\n<title>franja videos - Awasuka.org<\/title>\n<meta name=\"robots\" content=\"index, follow, max-snippet:-1, max-image-preview:large, max-video-preview:-1\" \/>\n<link rel=\"canonical\" href=\"https:\/\/awasuka.org\/es\/videos\/\" \/>\n<meta property=\"og:locale\" content=\"es_ES\" \/>\n<meta property=\"og:type\" content=\"article\" \/>\n<meta property=\"og:title\" content=\"franja videos - Awasuka.org\" \/>\n<meta property=\"og:url\" content=\"https:\/\/awasuka.org\/es\/videos\/\" \/>\n<meta property=\"og:site_name\" content=\"Awasuka.org\" \/>\n<meta property=\"article:modified_time\" content=\"2023-02-26T10:03:08+00:00\" \/>\n<meta name=\"twitter:card\" content=\"summary_large_image\" \/>\n<meta name=\"twitter:label1\" content=\"Tiempo de lectura\" \/>\n\t<meta name=\"twitter:data1\" content=\"2 minutos\" \/>\n<script type=\"application\/ld+json\" class=\"yoast-schema-graph\">{\"@context\":\"https:\\\/\\\/schema.org\",\"@graph\":[{\"@type\":\"WebPage\",\"@id\":\"https:\\\/\\\/awasuka.org\\\/es\\\/videos\\\/\",\"url\":\"https:\\\/\\\/awasuka.org\\\/es\\\/videos\\\/\",\"name\":\"franja videos - Awasuka.org\",\"isPartOf\":{\"@id\":\"https:\\\/\\\/awasuka.org\\\/es\\\/#website\"},\"datePublished\":\"2020-02-21T12:05:57+00:00\",\"dateModified\":\"2023-02-26T10:03:08+00:00\",\"breadcrumb\":{\"@id\":\"https:\\\/\\\/awasuka.org\\\/es\\\/videos\\\/#breadcrumb\"},\"inLanguage\":\"es\",\"potentialAction\":[{\"@type\":\"ReadAction\",\"target\":[\"https:\\\/\\\/awasuka.org\\\/es\\\/videos\\\/\"]}]},{\"@type\":\"BreadcrumbList\",\"@id\":\"https:\\\/\\\/awasuka.org\\\/es\\\/videos\\\/#breadcrumb\",\"itemListElement\":[{\"@type\":\"ListItem\",\"position\":1,\"name\":\"Portada\",\"item\":\"https:\\\/\\\/awasuka.org\\\/es\\\/home\\\/\"},{\"@type\":\"ListItem\",\"position\":2,\"name\":\"franja videos\"}]},{\"@type\":\"WebSite\",\"@id\":\"https:\\\/\\\/awasuka.org\\\/es\\\/#website\",\"url\":\"https:\\\/\\\/awasuka.org\\\/es\\\/\",\"name\":\"Awasuka.org\",\"description\":\"\",\"potentialAction\":[{\"@type\":\"SearchAction\",\"target\":{\"@type\":\"EntryPoint\",\"urlTemplate\":\"https:\\\/\\\/awasuka.org\\\/es\\\/?s={search_term_string}\"},\"query-input\":{\"@type\":\"PropertyValueSpecification\",\"valueRequired\":true,\"valueName\":\"search_term_string\"}}],\"inLanguage\":\"es\"}]}<\/script>\n<!-- \/ Yoast SEO plugin. -->","yoast_head_json":{"title":"franja videos - Awasuka.org","robots":{"index":"index","follow":"follow","max-snippet":"max-snippet:-1","max-image-preview":"max-image-preview:large","max-video-preview":"max-video-preview:-1"},"canonical":"https:\/\/awasuka.org\/es\/videos\/","og_locale":"es_ES","og_type":"article","og_title":"franja videos - Awasuka.org","og_url":"https:\/\/awasuka.org\/es\/videos\/","og_site_name":"Awasuka.org","article_modified_time":"2023-02-26T10:03:08+00:00","twitter_card":"summary_large_image","twitter_misc":{"Tiempo de lectura":"2 minutos"},"schema":{"@context":"https:\/\/schema.org","@graph":[{"@type":"WebPage","@id":"https:\/\/awasuka.org\/es\/videos\/","url":"https:\/\/awasuka.org\/es\/videos\/","name":"franja videos - Awasuka.org","isPartOf":{"@id":"https:\/\/awasuka.org\/es\/#website"},"datePublished":"2020-02-21T12:05:57+00:00","dateModified":"2023-02-26T10:03:08+00:00","breadcrumb":{"@id":"https:\/\/awasuka.org\/es\/videos\/#breadcrumb"},"inLanguage":"es","potentialAction":[{"@type":"ReadAction","target":["https:\/\/awasuka.org\/es\/videos\/"]}]},{"@type":"BreadcrumbList","@id":"https:\/\/awasuka.org\/es\/videos\/#breadcrumb","itemListElement":[{"@type":"ListItem","position":1,"name":"Portada","item":"https:\/\/awasuka.org\/es\/home\/"},{"@type":"ListItem","position":2,"name":"franja videos"}]},{"@type":"WebSite","@id":"https:\/\/awasuka.org\/es\/#website","url":"https:\/\/awasuka.org\/es\/","name":"Awasuka.org","description":"","potentialAction":[{"@type":"SearchAction","target":{"@type":"EntryPoint","urlTemplate":"https:\/\/awasuka.org\/es\/?s={search_term_string}"},"query-input":{"@type":"PropertyValueSpecification","valueRequired":true,"valueName":"search_term_string"}}],"inLanguage":"es"}]}},"_links":{"self":[{"href":"https:\/\/awasuka.org\/es\/wp-json\/wp\/v2\/pages\/3913","targetHints":{"allow":["GET"]}}],"collection":[{"href":"https:\/\/awasuka.org\/es\/wp-json\/wp\/v2\/pages"}],"about":[{"href":"https:\/\/awasuka.org\/es\/wp-json\/wp\/v2\/types\/page"}],"author":[{"embeddable":true,"href":"https:\/\/awasuka.org\/es\/wp-json\/wp\/v2\/users\/1"}],"replies":[{"embeddable":true,"href":"https:\/\/awasuka.org\/es\/wp-json\/wp\/v2\/comments?post=3913"}],"version-history":[{"count":0,"href":"https:\/\/awasuka.org\/es\/wp-json\/wp\/v2\/pages\/3913\/revisions"}],"wp:attachment":[{"href":"https:\/\/awasuka.org\/es\/wp-json\/wp\/v2\/media?parent=3913"}],"curies":[{"name":"wp","href":"https:\/\/api.w.org\/{rel}","templated":true}]}}