{"id":3679,"date":"2020-02-10T20:04:22","date_gmt":"2020-02-10T19:04:22","guid":{"rendered":"https:\/\/awasuka.org\/?page_id=3679"},"modified":"2020-05-16T18:08:11","modified_gmt":"2020-05-16T17:08:11","slug":"voluntariat","status":"publish","type":"page","link":"https:\/\/awasuka.org\/es\/voluntariat\/","title":{"rendered":"Voluntariado"},"content":{"rendered":"\n<style type=\"text\/css\" data-created_by=\"avia_inline_auto\" id=\"style-css-av-k6gnlw1b-4dde13a586e5f5c1b2d83c7d084add91\">\n.avia-section.av-k6gnlw1b-4dde13a586e5f5c1b2d83c7d084add91{\nbackground-color:#e46c0b;\nbackground-image:unset;\n}\n<\/style>\n<div id='av_section_1'  class='avia-section av-k6gnlw1b-4dde13a586e5f5c1b2d83c7d084add91 main_color avia-section-default avia-no-border-styling  avia-builder-el-0  el_before_av_one_half  avia-builder-el-first  avia-bg-style-scroll container_wrap fullsize'  ><div class='container av-section-cont-open' ><main  role=\"main\" itemprop=\"mainContentOfPage\"  class='template-page content  av-content-full alpha units'><div class='post-entry post-entry-type-page post-entry-3679'><div class='entry-content-wrapper clearfix'>\n\n<style type=\"text\/css\" data-created_by=\"avia_inline_auto\" id=\"style-css-av-ka9vqb3i-554d84403365c6a74a0cb51915b7879d\">\n#top .av-special-heading.av-ka9vqb3i-554d84403365c6a74a0cb51915b7879d{\npadding-bottom:10px;\ncolor:#ffffff;\n}\nbody .av-special-heading.av-ka9vqb3i-554d84403365c6a74a0cb51915b7879d .av-special-heading-tag .heading-char{\nfont-size:25px;\n}\n.av-special-heading.av-ka9vqb3i-554d84403365c6a74a0cb51915b7879d .special-heading-inner-border{\nborder-color:#ffffff;\n}\n.av-special-heading.av-ka9vqb3i-554d84403365c6a74a0cb51915b7879d .av-subheading{\nfont-size:15px;\n}\n<\/style>\n<div  class='av-special-heading av-ka9vqb3i-554d84403365c6a74a0cb51915b7879d av-special-heading-h1 custom-color-heading blockquote modern-quote  avia-builder-el-1  avia-builder-el-no-sibling  av-linked-heading'><div class='av_custom_color av-subheading av-subheading_above'><p>Participa<\/p>\n<\/div><h1 class='av-special-heading-tag '  itemprop=\"headline\"  >Voluntariado<\/h1><div class=\"special-heading-border\"><div class=\"special-heading-inner-border\"><\/div><\/div><\/div>\n<\/div><\/div><\/main><!-- close content main element --><\/div><\/div><div id='after_section_1'  class='main_color av_default_container_wrap container_wrap fullsize'  ><div class='container av-section-cont-open' ><div class='template-page content  av-content-full alpha units'><div class='post-entry post-entry-type-page post-entry-3679'><div class='entry-content-wrapper clearfix'>\n\n<style type=\"text\/css\" data-created_by=\"avia_inline_auto\" id=\"style-css-av-a8d6e7-a91b338d0cc9dc927c89612d8912b265\">\n.flex_column.av-a8d6e7-a91b338d0cc9dc927c89612d8912b265{\nborder-radius:0px 0px 0px 0px;\npadding:0px 0px 0px 0px;\n}\n<\/style>\n<div  class='flex_column av-a8d6e7-a91b338d0cc9dc927c89612d8912b265 av_one_half  avia-builder-el-2  el_after_av_section  el_before_av_one_half  avia-builder-el-first  first flex_column_div av-zero-column-padding  '     ><section  class='av_textblock_section av-k6gpfpmv-f0ca9ae27285a3a021c57b19a290b222 '   itemscope=\"itemscope\" itemtype=\"https:\/\/schema.org\/CreativeWork\" ><div class='avia_textblock'  itemprop=\"text\" ><p>En Awasuka la mayor parte de las tareas son realizadas por cooperantes voluntarios, todos ellos con formaci\u00f3n profesional dentro de su campo. En este punto queremos aclarar que ser voluntario no implica falta de profesionalidad, sino todo lo contrario. Los trabajos se realizan tanto desde Barcelona como desde Nepal, normalmente con cooperantes t\u00e9cnicos tipo: arquitectos, aparejadores, top\u00f3grafos, ingenieros, etc &#8230;<\/p>\n<p>La mayor\u00eda de estos ya quedan cubiertos por la Universidad UPC, que a trav\u00e9s del CCD y previa solicitud de ayuda, financia los gastos de los cooperantes. Pero dentro de una ONG hay muchas otras tareas que son necesarias para poder seguir adelante, y en este sentido, buscamos profesionales que quieran colaborar e implicarse en los siguientes campos, de forma voluntaria o cobrando un precio colaborativo.<\/p>\n<\/div><\/section><\/div>\n<style type=\"text\/css\" data-created_by=\"avia_inline_auto\" id=\"style-css-av-a8d6e7-5da04602d0155edf7953ee0f79b7375e\">\n.flex_column.av-a8d6e7-5da04602d0155edf7953ee0f79b7375e{\nborder-radius:0px 0px 0px 0px;\npadding:0px 0px 0px 0px;\n}\n<\/style>\n<div  class='flex_column av-a8d6e7-5da04602d0155edf7953ee0f79b7375e av_one_half  avia-builder-el-4  el_after_av_one_half  avia-builder-el-last  flex_column_div av-zero-column-padding  '     ><section  class='av_textblock_section av-k6gpfpmv-f0ca9ae27285a3a021c57b19a290b222 '   itemscope=\"itemscope\" itemtype=\"https:\/\/schema.org\/CreativeWork\" ><div class='avia_textblock'  itemprop=\"text\" ><ul>\n<li><strong>Traducciones <\/strong>en Idiomes: Ingl\u00e9s, Nepal\u00ed, Catalan, Espa\u00f1ol<\/li>\n<li><strong>Comunicaci\u00f3n<\/strong>: elaboraci\u00f3n de campa\u00f1as de difusi\u00f3n de nuestro trabajo en redes y medios<\/li>\n<li><strong>Audiovisuales<\/strong>: elaboraci\u00f3n de v\u00eddeos cortos de divulgaci\u00f3n, com material queaya tenemos.<\/li>\n<li><strong>Gestoria y Contabilidad<\/strong>: soporte en llevar la contabilidad de los proyectos, declaraciones.<\/li>\n<li><strong>Financiaci\u00f3n<\/strong>: presentar el proyecto a varias empresas para conseguir apoyo.<\/li>\n<li><strong>Maquetaci\u00f3n<\/strong>: dise\u00f1o de p\u00e1ginas y preparaci\u00f3n de publicaciones.<\/li>\n<\/ul>\n<\/div><\/section><\/div><\/p>\n","protected":false},"excerpt":{"rendered":"","protected":false},"author":1,"featured_media":0,"parent":0,"menu_order":0,"comment_status":"closed","ping_status":"closed","template":"","meta":{"footnotes":""},"class_list":["post-3679","page","type-page","status-publish","hentry"],"yoast_head":"<!-- This site is optimized with the Yoast SEO plugin v27.4 - https:\/\/yoast.com\/product\/yoast-seo-wordpress\/ -->\n<title>Voluntariado - Awasuka.org<\/title>\n<meta name=\"robots\" content=\"index, follow, max-snippet:-1, max-image-preview:large, max-video-preview:-1\" \/>\n<link rel=\"canonical\" href=\"https:\/\/awasuka.org\/es\/voluntariat\/\" \/>\n<meta property=\"og:locale\" content=\"es_ES\" \/>\n<meta property=\"og:type\" content=\"article\" \/>\n<meta property=\"og:title\" content=\"Voluntariado - Awasuka.org\" \/>\n<meta property=\"og:url\" content=\"https:\/\/awasuka.org\/es\/voluntariat\/\" \/>\n<meta property=\"og:site_name\" content=\"Awasuka.org\" \/>\n<meta property=\"article:modified_time\" content=\"2020-05-16T17:08:11+00:00\" \/>\n<meta name=\"twitter:card\" content=\"summary_large_image\" \/>\n<meta name=\"twitter:label1\" content=\"Tiempo de lectura\" \/>\n\t<meta name=\"twitter:data1\" content=\"3 minutos\" \/>\n<script type=\"application\/ld+json\" class=\"yoast-schema-graph\">{\"@context\":\"https:\\\/\\\/schema.org\",\"@graph\":[{\"@type\":\"WebPage\",\"@id\":\"https:\\\/\\\/awasuka.org\\\/es\\\/voluntariat\\\/\",\"url\":\"https:\\\/\\\/awasuka.org\\\/es\\\/voluntariat\\\/\",\"name\":\"Voluntariado - Awasuka.org\",\"isPartOf\":{\"@id\":\"https:\\\/\\\/awasuka.org\\\/es\\\/#website\"},\"datePublished\":\"2020-02-10T19:04:22+00:00\",\"dateModified\":\"2020-05-16T17:08:11+00:00\",\"breadcrumb\":{\"@id\":\"https:\\\/\\\/awasuka.org\\\/es\\\/voluntariat\\\/#breadcrumb\"},\"inLanguage\":\"es\",\"potentialAction\":[{\"@type\":\"ReadAction\",\"target\":[\"https:\\\/\\\/awasuka.org\\\/es\\\/voluntariat\\\/\"]}]},{\"@type\":\"BreadcrumbList\",\"@id\":\"https:\\\/\\\/awasuka.org\\\/es\\\/voluntariat\\\/#breadcrumb\",\"itemListElement\":[{\"@type\":\"ListItem\",\"position\":1,\"name\":\"Portada\",\"item\":\"https:\\\/\\\/awasuka.org\\\/es\\\/home\\\/\"},{\"@type\":\"ListItem\",\"position\":2,\"name\":\"Voluntariado\"}]},{\"@type\":\"WebSite\",\"@id\":\"https:\\\/\\\/awasuka.org\\\/es\\\/#website\",\"url\":\"https:\\\/\\\/awasuka.org\\\/es\\\/\",\"name\":\"Awasuka.org\",\"description\":\"\",\"potentialAction\":[{\"@type\":\"SearchAction\",\"target\":{\"@type\":\"EntryPoint\",\"urlTemplate\":\"https:\\\/\\\/awasuka.org\\\/es\\\/?s={search_term_string}\"},\"query-input\":{\"@type\":\"PropertyValueSpecification\",\"valueRequired\":true,\"valueName\":\"search_term_string\"}}],\"inLanguage\":\"es\"}]}<\/script>\n<!-- \/ Yoast SEO plugin. -->","yoast_head_json":{"title":"Voluntariado - Awasuka.org","robots":{"index":"index","follow":"follow","max-snippet":"max-snippet:-1","max-image-preview":"max-image-preview:large","max-video-preview":"max-video-preview:-1"},"canonical":"https:\/\/awasuka.org\/es\/voluntariat\/","og_locale":"es_ES","og_type":"article","og_title":"Voluntariado - Awasuka.org","og_url":"https:\/\/awasuka.org\/es\/voluntariat\/","og_site_name":"Awasuka.org","article_modified_time":"2020-05-16T17:08:11+00:00","twitter_card":"summary_large_image","twitter_misc":{"Tiempo de lectura":"3 minutos"},"schema":{"@context":"https:\/\/schema.org","@graph":[{"@type":"WebPage","@id":"https:\/\/awasuka.org\/es\/voluntariat\/","url":"https:\/\/awasuka.org\/es\/voluntariat\/","name":"Voluntariado - Awasuka.org","isPartOf":{"@id":"https:\/\/awasuka.org\/es\/#website"},"datePublished":"2020-02-10T19:04:22+00:00","dateModified":"2020-05-16T17:08:11+00:00","breadcrumb":{"@id":"https:\/\/awasuka.org\/es\/voluntariat\/#breadcrumb"},"inLanguage":"es","potentialAction":[{"@type":"ReadAction","target":["https:\/\/awasuka.org\/es\/voluntariat\/"]}]},{"@type":"BreadcrumbList","@id":"https:\/\/awasuka.org\/es\/voluntariat\/#breadcrumb","itemListElement":[{"@type":"ListItem","position":1,"name":"Portada","item":"https:\/\/awasuka.org\/es\/home\/"},{"@type":"ListItem","position":2,"name":"Voluntariado"}]},{"@type":"WebSite","@id":"https:\/\/awasuka.org\/es\/#website","url":"https:\/\/awasuka.org\/es\/","name":"Awasuka.org","description":"","potentialAction":[{"@type":"SearchAction","target":{"@type":"EntryPoint","urlTemplate":"https:\/\/awasuka.org\/es\/?s={search_term_string}"},"query-input":{"@type":"PropertyValueSpecification","valueRequired":true,"valueName":"search_term_string"}}],"inLanguage":"es"}]}},"_links":{"self":[{"href":"https:\/\/awasuka.org\/es\/wp-json\/wp\/v2\/pages\/3679","targetHints":{"allow":["GET"]}}],"collection":[{"href":"https:\/\/awasuka.org\/es\/wp-json\/wp\/v2\/pages"}],"about":[{"href":"https:\/\/awasuka.org\/es\/wp-json\/wp\/v2\/types\/page"}],"author":[{"embeddable":true,"href":"https:\/\/awasuka.org\/es\/wp-json\/wp\/v2\/users\/1"}],"replies":[{"embeddable":true,"href":"https:\/\/awasuka.org\/es\/wp-json\/wp\/v2\/comments?post=3679"}],"version-history":[{"count":0,"href":"https:\/\/awasuka.org\/es\/wp-json\/wp\/v2\/pages\/3679\/revisions"}],"wp:attachment":[{"href":"https:\/\/awasuka.org\/es\/wp-json\/wp\/v2\/media?parent=3679"}],"curies":[{"name":"wp","href":"https:\/\/api.w.org\/{rel}","templated":true}]}}