{"id":3662,"date":"2020-02-10T19:48:50","date_gmt":"2020-02-10T18:48:50","guid":{"rendered":"https:\/\/awasuka.org\/?page_id=3662"},"modified":"2022-02-11T21:15:12","modified_gmt":"2022-02-11T20:15:12","slug":"bhimphedi-pueblo","status":"publish","type":"page","link":"https:\/\/awasuka.org\/es\/bhimphedi-pueblo\/","title":{"rendered":"Pueblo Bhimphedi"},"content":{"rendered":"\n<style type=\"text\/css\" data-created_by=\"avia_inline_auto\" id=\"style-css-av-k6gnlw1b-4dde13a586e5f5c1b2d83c7d084add91\">\n.avia-section.av-k6gnlw1b-4dde13a586e5f5c1b2d83c7d084add91{\nbackground-color:#e46c0b;\nbackground-image:unset;\n}\n<\/style>\n<div id='av_section_1'  class='avia-section av-k6gnlw1b-4dde13a586e5f5c1b2d83c7d084add91 main_color avia-section-default avia-no-border-styling  avia-builder-el-0  el_before_av_three_fifth  avia-builder-el-first  avia-bg-style-scroll container_wrap fullsize'  ><div class='container av-section-cont-open' ><main  role=\"main\" itemprop=\"mainContentOfPage\"  class='template-page content  av-content-full alpha units'><div class='post-entry post-entry-type-page post-entry-3662'><div class='entry-content-wrapper clearfix'>\n\n<style type=\"text\/css\" data-created_by=\"avia_inline_auto\" id=\"style-css-av-klxqomkw-279dd3ae269cc8d2ce4daa7d9d9633e8\">\n#top .av-special-heading.av-klxqomkw-279dd3ae269cc8d2ce4daa7d9d9633e8{\npadding-bottom:10px;\ncolor:#ffffff;\n}\nbody .av-special-heading.av-klxqomkw-279dd3ae269cc8d2ce4daa7d9d9633e8 .av-special-heading-tag .heading-char{\nfont-size:25px;\n}\n.av-special-heading.av-klxqomkw-279dd3ae269cc8d2ce4daa7d9d9633e8 .special-heading-inner-border{\nborder-color:#ffffff;\n}\n.av-special-heading.av-klxqomkw-279dd3ae269cc8d2ce4daa7d9d9633e8 .av-subheading{\nfont-size:15px;\n}\n<\/style>\n<div  class='av-special-heading av-klxqomkw-279dd3ae269cc8d2ce4daa7d9d9633e8 av-special-heading-h1 custom-color-heading blockquote modern-quote  avia-builder-el-1  avia-builder-el-no-sibling  av-linked-heading'><div class='av_custom_color av-subheading av-subheading_above'><p>Patrimonio<\/p>\n<\/div><h1 class='av-special-heading-tag '  itemprop=\"headline\"  >Pueblo de Bhimphedi<\/h1><div class=\"special-heading-border\"><div class=\"special-heading-inner-border\"><\/div><\/div><\/div>\n<\/div><\/div><\/main><!-- close content main element --><\/div><\/div><div id='after_section_1'  class='main_color av_default_container_wrap container_wrap fullsize'  ><div class='container av-section-cont-open' ><div class='template-page content  av-content-full alpha units'><div class='post-entry post-entry-type-page post-entry-3662'><div class='entry-content-wrapper clearfix'>\n\n<style type=\"text\/css\" data-created_by=\"avia_inline_auto\" id=\"style-css-av-a8d6e7-a91b338d0cc9dc927c89612d8912b265\">\n.flex_column.av-a8d6e7-a91b338d0cc9dc927c89612d8912b265{\nborder-radius:0px 0px 0px 0px;\npadding:0px 0px 0px 0px;\n}\n<\/style>\n<div  class='flex_column av-a8d6e7-a91b338d0cc9dc927c89612d8912b265 av_three_fifth  avia-builder-el-2  el_after_av_section  el_before_av_two_fifth  avia-builder-el-first  first flex_column_div av-zero-column-padding  '     ><p><section  class='av_textblock_section av-k6gpfpmv-c972c25eabbf3f7ff9ece2ae13fa8f1a '   itemscope=\"itemscope\" itemtype=\"https:\/\/schema.org\/CreativeWork\" ><div class='avia_textblock'  itemprop=\"text\" ><p><strong>Preservar la identidad del pueblo<\/strong><br \/>\nBhimphedi tiene un lugar muy interesante en la historia de Nepal y no est\u00e1 registrado en ninguna parte. Si no se hace nada, todo su patrimonio hist\u00f3rico y arquitect\u00f3nico corre el riesgo de perderse en el tiempo. Consciente de la importancia de la identidad cultural de las personas, el Programa Awasuka decidi\u00f3 iniciar una investigaci\u00f3n hist\u00f3rica sobre el pueblo, as\u00ed como un cat\u00e1logo arquitect\u00f3nico. Su misi\u00f3n es recopilar tantas fuentes como sea posible sobre la historia de Bhimphedi, as\u00ed como mostrar todos los edificios hist\u00f3ricos que a\u00fan est\u00e1n en pie, ya que algunos de ellos ya han sido demolidos en el pasado reciente, debido a la falta de conciencia sobre la protecci\u00f3n del patrimonio.<\/p>\n<p>La decisi\u00f3n de Awasuka de hacer un cat\u00e1logo hist\u00f3rico fue desencadenada por varios hechos que el equipo presenci\u00f3 durante el transcurso de su operaci\u00f3n en el campo: la demolici\u00f3n de la antigua escuela en 2016 -un importante edificio hist\u00f3rico que hab\u00eda sido albergue de peregrinos en el pasado- y los planes para demoler el Hospital de Bhimphedi en 2018. Afortunadamente, este \u00faltimo pudo salvarse gracias a la comunicaci\u00f3n de Awasuka con el Departamento de Arqueolog\u00eda y su r\u00e1pida reacci\u00f3n.<\/p>\n<p>En 2018, una vez iniciados los planes de derribo del Hospital y antes de la comunicaci\u00f3n con el Departamento de Arqueolog\u00eda, se elabor\u00f3 un breve <strong>dossier del patrimonio<\/strong>\u00a0para concienciar de forma inmediata sobre este derribo. El expediente se entreg\u00f3 al municipio de Bhimphedi y tambi\u00e9n a diferentes organizaciones patrimoniales de Katmand\u00fa, para informarles sobre el patrimonio en peligro de extinci\u00f3n en Bhimphedi. Algunas de las organizaciones fueron: UNESCO Kathmandu, el Departamento de Arqueolog\u00eda, Kathmandu Valley Preservation Trust y la Fundaci\u00f3n Rabindra Puri.<\/p>\n<p>Gracias a este documento, se empezaron a impulsar algunas pol\u00edticas y acciones en materia de protecci\u00f3n y preservaci\u00f3n del patrimonio. Se puede <strong>descargar<\/strong> este <strong>dossier<\/strong> desde esta p\u00e1gina web. Tambi\u00e9n se puede ver la ubicaci\u00f3n de los edificios registrados en este <strong>mapa<\/strong> a continuaci\u00f3n.<\/p>\n<\/div><\/section><br \/>\n\n<style type=\"text\/css\" data-created_by=\"avia_inline_auto\" id=\"style-css-av-kziukrqw-9d8cca8e51626b4229af1a98be99aebf\">\n#top .hr.hr-invisible.av-kziukrqw-9d8cca8e51626b4229af1a98be99aebf{\nheight:25px;\n}\n<\/style>\n<div  class='hr av-kziukrqw-9d8cca8e51626b4229af1a98be99aebf hr-invisible  avia-builder-el-4  el_after_av_textblock  el_before_av_textblock '><span class='hr-inner '><span class=\"hr-inner-style\"><\/span><\/span><\/div><br \/>\n<section  class='av_textblock_section av-kziull3n-7e3a3d9616da025392e186a964365321 '   itemscope=\"itemscope\" itemtype=\"https:\/\/schema.org\/CreativeWork\" ><div class='avia_textblock'  itemprop=\"text\" ><p style=\"text-align: center;\"><a href=\"https:\/\/awasuka.org\/wp-content\/uploads\/2021\/03\/BhimphediHistoricalHeritage_07.pdf\" target=\"_blank\" rel=\"noopener\"><img loading=\"lazy\" decoding=\"async\" class=\"alignnone size-full wp-image-6167\" src=\"https:\/\/awasuka.org\/wp-content\/uploads\/2022\/02\/Portada-BHH-HORITZ-ok-last.jpg\" alt=\"\" width=\"2560\" height=\"694\" srcset=\"https:\/\/awasuka.org\/wp-content\/uploads\/2022\/02\/Portada-BHH-HORITZ-ok-last.jpg 2560w, https:\/\/awasuka.org\/wp-content\/uploads\/2022\/02\/Portada-BHH-HORITZ-ok-last-300x81.jpg 300w, https:\/\/awasuka.org\/wp-content\/uploads\/2022\/02\/Portada-BHH-HORITZ-ok-last-1030x279.jpg 1030w, https:\/\/awasuka.org\/wp-content\/uploads\/2022\/02\/Portada-BHH-HORITZ-ok-last-768x208.jpg 768w, https:\/\/awasuka.org\/wp-content\/uploads\/2022\/02\/Portada-BHH-HORITZ-ok-last-1536x416.jpg 1536w, https:\/\/awasuka.org\/wp-content\/uploads\/2022\/02\/Portada-BHH-HORITZ-ok-last-2048x555.jpg 2048w, https:\/\/awasuka.org\/wp-content\/uploads\/2022\/02\/Portada-BHH-HORITZ-ok-last-1500x407.jpg 1500w, https:\/\/awasuka.org\/wp-content\/uploads\/2022\/02\/Portada-BHH-HORITZ-ok-last-705x191.jpg 705w\" sizes=\"auto, (max-width: 2560px) 100vw, 2560px\" \/><\/a><a href=\"https:\/\/awasuka.org\/wp-content\/uploads\/2021\/03\/BhimphediHistoricalHeritage_07.pdf\" target=\"_blank\" rel=\"noopener\">Dossier inicial sobre el patrimonio hist\u00f3rico de Bhimphedi<br \/>\n<\/a><\/p>\n<\/div><\/section><\/p><\/div>\n<style type=\"text\/css\" data-created_by=\"avia_inline_auto\" id=\"style-css-av-a8d6e7-5da04602d0155edf7953ee0f79b7375e\">\n.flex_column.av-a8d6e7-5da04602d0155edf7953ee0f79b7375e{\nborder-radius:0px 0px 0px 0px;\npadding:0px 0px 0px 0px;\n}\n<\/style>\n<div  class='flex_column av-a8d6e7-5da04602d0155edf7953ee0f79b7375e av_two_fifth  avia-builder-el-6  el_after_av_three_fifth  el_before_av_section  avia-builder-el-last  flex_column_div av-zero-column-padding  '     ><section  class='av_textblock_section av-kz44tfi6-d2ade6ce7577a95dba4573acaaa7587a '   itemscope=\"itemscope\" itemtype=\"https:\/\/schema.org\/CreativeWork\" ><div class='avia_textblock'  itemprop=\"text\" ><p><div id=\"attachment_5829\" style=\"width: 1947px\" class=\"wp-caption alignnone\"><img loading=\"lazy\" decoding=\"async\" aria-describedby=\"caption-attachment-5829\" class=\"wp-image-5829 size-full\" src=\"https:\/\/awasuka.org\/wp-content\/uploads\/2022\/01\/Hatisar.jpg\" alt=\"\" width=\"1937\" height=\"1074\" srcset=\"https:\/\/awasuka.org\/wp-content\/uploads\/2022\/01\/Hatisar.jpg 1937w, https:\/\/awasuka.org\/wp-content\/uploads\/2022\/01\/Hatisar-300x166.jpg 300w, https:\/\/awasuka.org\/wp-content\/uploads\/2022\/01\/Hatisar-1030x571.jpg 1030w, https:\/\/awasuka.org\/wp-content\/uploads\/2022\/01\/Hatisar-768x426.jpg 768w, https:\/\/awasuka.org\/wp-content\/uploads\/2022\/01\/Hatisar-1536x852.jpg 1536w, https:\/\/awasuka.org\/wp-content\/uploads\/2022\/01\/Hatisar-1500x832.jpg 1500w, https:\/\/awasuka.org\/wp-content\/uploads\/2022\/01\/Hatisar-705x391.jpg 705w\" sizes=\"auto, (max-width: 1937px) 100vw, 1937px\" \/><p id=\"caption-attachment-5829\" class=\"wp-caption-text\">Hattisar stable in Bhimphedi. Photo: Arnau Montoya, 2018.<\/p><\/div><br \/>\n<div id=\"attachment_6090\" style=\"width: 2570px\" class=\"wp-caption alignnone\"><img loading=\"lazy\" decoding=\"async\" aria-describedby=\"caption-attachment-6090\" class=\"wp-image-6090 size-full\" src=\"https:\/\/awasuka.org\/wp-content\/uploads\/2022\/02\/IMG_6438.jpg\" alt=\"\" width=\"2560\" height=\"1707\" \/><p id=\"caption-attachment-6090\" class=\"wp-caption-text\">Hattisar stable, interior view. Photo: Arnau Montoya, 2018.<\/p><\/div><br \/>\n<div id=\"attachment_6093\" style=\"width: 2570px\" class=\"wp-caption alignnone\"><img loading=\"lazy\" decoding=\"async\" aria-describedby=\"caption-attachment-6093\" class=\"wp-image-6093 size-full\" src=\"https:\/\/awasuka.org\/wp-content\/uploads\/2022\/02\/IMG_6427.jpg\" alt=\"\" width=\"2560\" height=\"1707\" \/><p id=\"caption-attachment-6093\" class=\"wp-caption-text\">Hattisar stable, elephant saddles. Photo: Arnau Montoya, 2018.<\/p><\/div><\/p>\n<\/div><\/section><\/div><\/p>\n<\/div><\/div><\/div><!-- close content main div --><\/div><\/div><div id='av_section_2'  class='avia-section av-340kk6-eca91cbe358b56252e17162b138b3d40 main_color avia-section-default avia-no-border-styling  avia-builder-el-8  el_after_av_two_fifth  el_before_av_one_fifth  avia-bg-style-scroll container_wrap fullsize'  ><div class='container av-section-cont-open' ><div class='template-page content  av-content-full alpha units'><div class='post-entry post-entry-type-page post-entry-3662'><div class='entry-content-wrapper clearfix'>\n\n<style type=\"text\/css\" data-created_by=\"avia_inline_auto\" id=\"style-css-av-klxqp0rn-5126ff59072aed3e347f0e833de66f39\">\n#top .av-special-heading.av-klxqp0rn-5126ff59072aed3e347f0e833de66f39{\npadding-bottom:10px;\n}\nbody .av-special-heading.av-klxqp0rn-5126ff59072aed3e347f0e833de66f39 .av-special-heading-tag .heading-char{\nfont-size:25px;\n}\n.av-special-heading.av-klxqp0rn-5126ff59072aed3e347f0e833de66f39 .av-subheading{\nfont-size:15px;\n}\n<\/style>\n<div  class='av-special-heading av-klxqp0rn-5126ff59072aed3e347f0e833de66f39 av-special-heading-h1 blockquote modern-quote modern-centered  avia-builder-el-9  el_before_av_codeblock  avia-builder-el-first  av-linked-heading'><h1 class='av-special-heading-tag '  itemprop=\"headline\"  >Edificios hist\u00f3ricos<\/h1><div class=\"special-heading-border\"><div class=\"special-heading-inner-border\"><\/div><\/div><\/div>\n\n<\/div><\/div><\/div><!-- close content main div --><\/div><\/div><div id='after_section_2'  class='main_color av_default_container_wrap container_wrap fullsize'  ><div class='container av-section-cont-open' ><div class='template-page content  av-content-full alpha units'><div class='post-entry post-entry-type-page post-entry-3662'><div class='entry-content-wrapper clearfix'>\n<div  class='flex_column av-av_one_fifth-a93934ecd89fbb8a9566d39e89cd3725 av_one_fifth  avia-builder-el-11  el_after_av_section  el_before_av_three_fifth  avia-builder-el-first  first flex_column_div  '     ><\/div>\n<div  class='flex_column av-av_three_fifth-d06667205e6186ec8414c6eb7605d406 av_three_fifth  avia-builder-el-12  el_after_av_one_fifth  avia-builder-el-last  flex_column_div  '     ><section  class='av_textblock_section av-kzium466-4893618e991442082eddeab45add00f7 '   itemscope=\"itemscope\" itemtype=\"https:\/\/schema.org\/CreativeWork\" ><div class='avia_textblock'  itemprop=\"text\" ><div class='avia-iframe-wrap'><iframe loading=\"lazy\" title=\"Queen Elizabeth II on a Tiger Shoot in Katmandu (1961) | British Path\u00e9\" width=\"1333\" height=\"1000\" src=\"https:\/\/www.youtube.com\/embed\/q4CmB9c852s?feature=oembed\" frameborder=\"0\" allow=\"accelerometer; autoplay; clipboard-write; encrypted-media; gyroscope; picture-in-picture\" allowfullscreen><\/iframe><\/div>\n<p style=\"text-align: center; font-size: 12px;\"><em>Monturas de elefante (howdahs) en acci\u00f3n, minutos: 3:10 &#8211; 5:30. Filmaci\u00f3n: British Path\u00e9<\/em><\/p>\n<\/div><\/section><\/div>\n","protected":false},"excerpt":{"rendered":"","protected":false},"author":1,"featured_media":0,"parent":0,"menu_order":0,"comment_status":"closed","ping_status":"closed","template":"","meta":{"footnotes":""},"class_list":["post-3662","page","type-page","status-publish","hentry"],"yoast_head":"<!-- This site is optimized with the Yoast SEO plugin v27.4 - https:\/\/yoast.com\/product\/yoast-seo-wordpress\/ -->\n<title>Pueblo Bhimphedi - Awasuka.org<\/title>\n<meta name=\"robots\" content=\"index, follow, max-snippet:-1, max-image-preview:large, max-video-preview:-1\" \/>\n<link rel=\"canonical\" href=\"https:\/\/awasuka.org\/es\/bhimphedi-pueblo\/\" \/>\n<meta property=\"og:locale\" content=\"es_ES\" \/>\n<meta property=\"og:type\" content=\"article\" \/>\n<meta property=\"og:title\" content=\"Pueblo Bhimphedi - Awasuka.org\" \/>\n<meta property=\"og:url\" content=\"https:\/\/awasuka.org\/es\/bhimphedi-pueblo\/\" \/>\n<meta property=\"og:site_name\" content=\"Awasuka.org\" \/>\n<meta property=\"article:modified_time\" content=\"2022-02-11T20:15:12+00:00\" \/>\n<meta property=\"og:image\" content=\"https:\/\/awasuka.org\/wp-content\/uploads\/2022\/02\/Portada-BHH-HORITZ-ok-last.jpg\" \/>\n<meta name=\"twitter:card\" content=\"summary_large_image\" \/>\n<meta name=\"twitter:label1\" content=\"Tiempo de lectura\" \/>\n\t<meta name=\"twitter:data1\" content=\"10 minutos\" \/>\n<script type=\"application\/ld+json\" class=\"yoast-schema-graph\">{\"@context\":\"https:\\\/\\\/schema.org\",\"@graph\":[{\"@type\":\"WebPage\",\"@id\":\"https:\\\/\\\/awasuka.org\\\/es\\\/bhimphedi-pueblo\\\/\",\"url\":\"https:\\\/\\\/awasuka.org\\\/es\\\/bhimphedi-pueblo\\\/\",\"name\":\"Pueblo Bhimphedi - Awasuka.org\",\"isPartOf\":{\"@id\":\"https:\\\/\\\/awasuka.org\\\/es\\\/#website\"},\"primaryImageOfPage\":{\"@id\":\"https:\\\/\\\/awasuka.org\\\/es\\\/bhimphedi-pueblo\\\/#primaryimage\"},\"image\":{\"@id\":\"https:\\\/\\\/awasuka.org\\\/es\\\/bhimphedi-pueblo\\\/#primaryimage\"},\"thumbnailUrl\":\"https:\\\/\\\/awasuka.org\\\/wp-content\\\/uploads\\\/2022\\\/02\\\/Portada-BHH-HORITZ-ok-last.jpg\",\"datePublished\":\"2020-02-10T18:48:50+00:00\",\"dateModified\":\"2022-02-11T20:15:12+00:00\",\"breadcrumb\":{\"@id\":\"https:\\\/\\\/awasuka.org\\\/es\\\/bhimphedi-pueblo\\\/#breadcrumb\"},\"inLanguage\":\"es\",\"potentialAction\":[{\"@type\":\"ReadAction\",\"target\":[\"https:\\\/\\\/awasuka.org\\\/es\\\/bhimphedi-pueblo\\\/\"]}]},{\"@type\":\"ImageObject\",\"inLanguage\":\"es\",\"@id\":\"https:\\\/\\\/awasuka.org\\\/es\\\/bhimphedi-pueblo\\\/#primaryimage\",\"url\":\"https:\\\/\\\/awasuka.org\\\/wp-content\\\/uploads\\\/2022\\\/02\\\/Portada-BHH-HORITZ-ok-last.jpg\",\"contentUrl\":\"https:\\\/\\\/awasuka.org\\\/wp-content\\\/uploads\\\/2022\\\/02\\\/Portada-BHH-HORITZ-ok-last.jpg\"},{\"@type\":\"BreadcrumbList\",\"@id\":\"https:\\\/\\\/awasuka.org\\\/es\\\/bhimphedi-pueblo\\\/#breadcrumb\",\"itemListElement\":[{\"@type\":\"ListItem\",\"position\":1,\"name\":\"Portada\",\"item\":\"https:\\\/\\\/awasuka.org\\\/es\\\/home\\\/\"},{\"@type\":\"ListItem\",\"position\":2,\"name\":\"Pueblo Bhimphedi\"}]},{\"@type\":\"WebSite\",\"@id\":\"https:\\\/\\\/awasuka.org\\\/es\\\/#website\",\"url\":\"https:\\\/\\\/awasuka.org\\\/es\\\/\",\"name\":\"Awasuka.org\",\"description\":\"\",\"potentialAction\":[{\"@type\":\"SearchAction\",\"target\":{\"@type\":\"EntryPoint\",\"urlTemplate\":\"https:\\\/\\\/awasuka.org\\\/es\\\/?s={search_term_string}\"},\"query-input\":{\"@type\":\"PropertyValueSpecification\",\"valueRequired\":true,\"valueName\":\"search_term_string\"}}],\"inLanguage\":\"es\"}]}<\/script>\n<!-- \/ Yoast SEO plugin. -->","yoast_head_json":{"title":"Pueblo Bhimphedi - Awasuka.org","robots":{"index":"index","follow":"follow","max-snippet":"max-snippet:-1","max-image-preview":"max-image-preview:large","max-video-preview":"max-video-preview:-1"},"canonical":"https:\/\/awasuka.org\/es\/bhimphedi-pueblo\/","og_locale":"es_ES","og_type":"article","og_title":"Pueblo Bhimphedi - Awasuka.org","og_url":"https:\/\/awasuka.org\/es\/bhimphedi-pueblo\/","og_site_name":"Awasuka.org","article_modified_time":"2022-02-11T20:15:12+00:00","og_image":[{"url":"https:\/\/awasuka.org\/wp-content\/uploads\/2022\/02\/Portada-BHH-HORITZ-ok-last.jpg","type":"","width":"","height":""}],"twitter_card":"summary_large_image","twitter_misc":{"Tiempo de lectura":"10 minutos"},"schema":{"@context":"https:\/\/schema.org","@graph":[{"@type":"WebPage","@id":"https:\/\/awasuka.org\/es\/bhimphedi-pueblo\/","url":"https:\/\/awasuka.org\/es\/bhimphedi-pueblo\/","name":"Pueblo Bhimphedi - Awasuka.org","isPartOf":{"@id":"https:\/\/awasuka.org\/es\/#website"},"primaryImageOfPage":{"@id":"https:\/\/awasuka.org\/es\/bhimphedi-pueblo\/#primaryimage"},"image":{"@id":"https:\/\/awasuka.org\/es\/bhimphedi-pueblo\/#primaryimage"},"thumbnailUrl":"https:\/\/awasuka.org\/wp-content\/uploads\/2022\/02\/Portada-BHH-HORITZ-ok-last.jpg","datePublished":"2020-02-10T18:48:50+00:00","dateModified":"2022-02-11T20:15:12+00:00","breadcrumb":{"@id":"https:\/\/awasuka.org\/es\/bhimphedi-pueblo\/#breadcrumb"},"inLanguage":"es","potentialAction":[{"@type":"ReadAction","target":["https:\/\/awasuka.org\/es\/bhimphedi-pueblo\/"]}]},{"@type":"ImageObject","inLanguage":"es","@id":"https:\/\/awasuka.org\/es\/bhimphedi-pueblo\/#primaryimage","url":"https:\/\/awasuka.org\/wp-content\/uploads\/2022\/02\/Portada-BHH-HORITZ-ok-last.jpg","contentUrl":"https:\/\/awasuka.org\/wp-content\/uploads\/2022\/02\/Portada-BHH-HORITZ-ok-last.jpg"},{"@type":"BreadcrumbList","@id":"https:\/\/awasuka.org\/es\/bhimphedi-pueblo\/#breadcrumb","itemListElement":[{"@type":"ListItem","position":1,"name":"Portada","item":"https:\/\/awasuka.org\/es\/home\/"},{"@type":"ListItem","position":2,"name":"Pueblo Bhimphedi"}]},{"@type":"WebSite","@id":"https:\/\/awasuka.org\/es\/#website","url":"https:\/\/awasuka.org\/es\/","name":"Awasuka.org","description":"","potentialAction":[{"@type":"SearchAction","target":{"@type":"EntryPoint","urlTemplate":"https:\/\/awasuka.org\/es\/?s={search_term_string}"},"query-input":{"@type":"PropertyValueSpecification","valueRequired":true,"valueName":"search_term_string"}}],"inLanguage":"es"}]}},"_links":{"self":[{"href":"https:\/\/awasuka.org\/es\/wp-json\/wp\/v2\/pages\/3662","targetHints":{"allow":["GET"]}}],"collection":[{"href":"https:\/\/awasuka.org\/es\/wp-json\/wp\/v2\/pages"}],"about":[{"href":"https:\/\/awasuka.org\/es\/wp-json\/wp\/v2\/types\/page"}],"author":[{"embeddable":true,"href":"https:\/\/awasuka.org\/es\/wp-json\/wp\/v2\/users\/1"}],"replies":[{"embeddable":true,"href":"https:\/\/awasuka.org\/es\/wp-json\/wp\/v2\/comments?post=3662"}],"version-history":[{"count":0,"href":"https:\/\/awasuka.org\/es\/wp-json\/wp\/v2\/pages\/3662\/revisions"}],"wp:attachment":[{"href":"https:\/\/awasuka.org\/es\/wp-json\/wp\/v2\/media?parent=3662"}],"curies":[{"name":"wp","href":"https:\/\/api.w.org\/{rel}","templated":true}]}}