{"id":3652,"date":"2020-02-10T19:39:30","date_gmt":"2020-02-10T18:39:30","guid":{"rendered":"https:\/\/awasuka.org\/?page_id=3652"},"modified":"2020-04-25T12:24:13","modified_gmt":"2020-04-25T11:24:13","slug":"gestio-de-residus","status":"publish","type":"page","link":"https:\/\/awasuka.org\/es\/gestio-de-residus\/","title":{"rendered":"Gesti\u00f3n de residuos"},"content":{"rendered":"\n<style type=\"text\/css\" data-created_by=\"avia_inline_auto\" id=\"style-css-av-k6gnlw1b-4dde13a586e5f5c1b2d83c7d084add91\">\n.avia-section.av-k6gnlw1b-4dde13a586e5f5c1b2d83c7d084add91{\nbackground-color:#e46c0b;\nbackground-image:unset;\n}\n<\/style>\n<div id='av_section_1'  class='avia-section av-k6gnlw1b-4dde13a586e5f5c1b2d83c7d084add91 main_color avia-section-default avia-no-border-styling  avia-builder-el-0  el_before_av_one_half  avia-builder-el-first  avia-bg-style-scroll container_wrap fullsize'  ><div class='container av-section-cont-open' ><main  role=\"main\" itemprop=\"mainContentOfPage\"  class='template-page content  av-content-full alpha units'><div class='post-entry post-entry-type-page post-entry-3652'><div class='entry-content-wrapper clearfix'>\n\n<style type=\"text\/css\" data-created_by=\"avia_inline_auto\" id=\"style-css-av-k9fjdmie-dffa5c438f30f67866ea468a4fe9ef7f\">\n#top .av-special-heading.av-k9fjdmie-dffa5c438f30f67866ea468a4fe9ef7f{\npadding-bottom:10px;\ncolor:#ffffff;\n}\nbody .av-special-heading.av-k9fjdmie-dffa5c438f30f67866ea468a4fe9ef7f .av-special-heading-tag .heading-char{\nfont-size:25px;\n}\n.av-special-heading.av-k9fjdmie-dffa5c438f30f67866ea468a4fe9ef7f .special-heading-inner-border{\nborder-color:#ffffff;\n}\n.av-special-heading.av-k9fjdmie-dffa5c438f30f67866ea468a4fe9ef7f .av-subheading{\nfont-size:15px;\n}\n<\/style>\n<div  class='av-special-heading av-k9fjdmie-dffa5c438f30f67866ea468a4fe9ef7f av-special-heading-h1 custom-color-heading blockquote modern-quote  avia-builder-el-1  avia-builder-el-no-sibling  av-linked-heading'><div class='av_custom_color av-subheading av-subheading_above'><p>Salud<\/p>\n<\/div><h1 class='av-special-heading-tag '  itemprop=\"headline\"  >Gesti\u00f3n de residuos<\/h1><div class=\"special-heading-border\"><div class=\"special-heading-inner-border\"><\/div><\/div><\/div>\n<\/div><\/div><\/main><!-- close content main element --><\/div><\/div><div id='after_section_1'  class='main_color av_default_container_wrap container_wrap fullsize'  ><div class='container av-section-cont-open' ><div class='template-page content  av-content-full alpha units'><div class='post-entry post-entry-type-page post-entry-3652'><div class='entry-content-wrapper clearfix'>\n<style type=\"text\/css\" data-created_by=\"avia_inline_auto\" id=\"style-css-av-a8d6e7-a91b338d0cc9dc927c89612d8912b265\">\n.flex_column.av-a8d6e7-a91b338d0cc9dc927c89612d8912b265{\nborder-radius:0px 0px 0px 0px;\npadding:0px 0px 0px 0px;\n}\n<\/style>\n<div  class='flex_column av-a8d6e7-a91b338d0cc9dc927c89612d8912b265 av_one_half  avia-builder-el-2  el_after_av_section  el_before_av_one_half  avia-builder-el-first  first flex_column_div av-zero-column-padding  '     ><section  class='av_textblock_section av-k6gpfpmv-f0ca9ae27285a3a021c57b19a290b222 '   itemscope=\"itemscope\" itemtype=\"https:\/\/schema.org\/CreativeWork\" ><div class='avia_textblock'  itemprop=\"text\" ><p>Awasuka ha desarrollado otros proyectos puntuales adem\u00e1s de la arquitectura sismo-resistente y la salubridad de las casas. En este caso, dos estudiantes de Ciencias Medioambientales vivieron unos meses en Bhimphedi y elaboraron un an\u00e1lisis exhausitvo de la <strong>gesti\u00f3n de los residuos org\u00e1nicos e inorg\u00e1nicos<\/strong> en el pueblo. Algunas de sus conclusiones son muy interesantes de cara al futuro sostenible de Bhimphedi, por ello los trabajos se entregaron al gobierno local (Bhimphedi Gaupalika). El estudio destaca una propuesta sencilla y efectiva para la <strong>recogida de residuos<\/strong> de Bhimphedi desde Hetauda.<br \/>\n.<\/p>\n<\/div><\/section><\/div><\/p>\n\n<style type=\"text\/css\" data-created_by=\"avia_inline_auto\" id=\"style-css-av-a8d6e7-5da04602d0155edf7953ee0f79b7375e\">\n.flex_column.av-a8d6e7-5da04602d0155edf7953ee0f79b7375e{\nborder-radius:0px 0px 0px 0px;\npadding:0px 0px 0px 0px;\n}\n<\/style>\n<div  class='flex_column av-a8d6e7-5da04602d0155edf7953ee0f79b7375e av_one_half  avia-builder-el-4  el_after_av_one_half  avia-builder-el-last  flex_column_div av-zero-column-padding  '     ><style type=\"text\/css\" data-created_by=\"avia_inline_auto\" id=\"style-css-av-k6gphtvy-52c5eea517ed4be97fa8cae686baeb30\">\n#top .avia-icon-list-container.av-k6gphtvy-52c5eea517ed4be97fa8cae686baeb30 .iconlist_icon{\ncolor:#000000;\n}\n#top .avia-icon-list-container.av-k6gphtvy-52c5eea517ed4be97fa8cae686baeb30 .iconlist_icon svg:first-child{\nstroke:#000000;\nfill:#000000;\n}\n<\/style>\n<div  class='avia-icon-list-container av-k6gphtvy-52c5eea517ed4be97fa8cae686baeb30  avia-builder-el-5  avia-builder-el-no-sibling '><ul class='avia-icon-list avia_animate_when_almost_visible avia-icon-list-left av-iconlist-small av-k6gphtvy-52c5eea517ed4be97fa8cae686baeb30 avia-iconlist-animate'>\n<li><a href='#' title='TFG Ainoha (ENG)'  target=\"_blank\"  rel=\"noopener noreferrer\" class='iconlist_icon av-3z843o-fb693f2e509c23272058e3524d5d5be7 avia-font-entypo-fontello avia-iconfont avia-font-entypo-fontello'><span class='av-icon-char' data-av_icon='\ue84d' data-av_iconfont='entypo-fontello' aria-hidden=\"true\"><\/span><\/a><article class=\"article-icon-entry av-iconlist-empty\"  itemscope=\"itemscope\" itemtype=\"https:\/\/schema.org\/CreativeWork\" ><div class=\"iconlist_content_wrap\"><header class=\"entry-content-header\" aria-label=\"Icon: &lt;a href=&#039;#&#039; title=&#039;TFG Ainoha (ENG)&#039; target=&quot;_blank&quot;  rel=&quot;noopener noreferrer&quot;&gt;TFG Ainoha (ENG)&lt;\/a&gt;\"><div class='av_iconlist_title iconlist_title_small  '  itemprop=\"headline\" ><a href='#' title='TFG Ainoha (ENG)' target=\"_blank\"  rel=\"noopener noreferrer\">TFG Ainoha (ENG)<\/a><\/div><\/header><div class='iconlist_content '  itemprop=\"text\" ><\/div><\/div><footer class=\"entry-footer\"><\/footer><\/article><div class=\"iconlist-timeline\"><\/div><\/li>\n<li><a href='#' title='TFG Dayl\u00ed (SPA)'  target=\"_blank\"  rel=\"noopener noreferrer\" class='iconlist_icon av-3aiu7o-f2c44f4b55016a4645675fbe4e824354 avia-font-entypo-fontello avia-iconfont avia-font-entypo-fontello'><span class='av-icon-char' data-av_icon='\ue84d' data-av_iconfont='entypo-fontello' aria-hidden=\"true\"><\/span><\/a><article class=\"article-icon-entry av-iconlist-empty\"  itemscope=\"itemscope\" itemtype=\"https:\/\/schema.org\/CreativeWork\" ><div class=\"iconlist_content_wrap\"><header class=\"entry-content-header\" aria-label=\"Icon: &lt;a href=&#039;#&#039; title=&#039;TFG Dayl\u00ed (SPA)&#039; target=&quot;_blank&quot;  rel=&quot;noopener noreferrer&quot;&gt;TFG Dayl\u00ed (SPA)&lt;\/a&gt;\"><div class='av_iconlist_title iconlist_title_small  '  itemprop=\"headline\" ><a href='#' title='TFG Dayl\u00ed (SPA)' target=\"_blank\"  rel=\"noopener noreferrer\">TFG Dayl\u00ed (SPA)<\/a><\/div><\/header><div class='iconlist_content '  itemprop=\"text\" ><\/div><\/div><footer class=\"entry-footer\"><\/footer><\/article><div class=\"iconlist-timeline\"><\/div><\/li>\n<\/ul><\/div><\/div>\n","protected":false},"excerpt":{"rendered":"","protected":false},"author":1,"featured_media":0,"parent":0,"menu_order":0,"comment_status":"closed","ping_status":"closed","template":"","meta":{"footnotes":""},"class_list":["post-3652","page","type-page","status-publish","hentry"],"yoast_head":"<!-- This site is optimized with the Yoast SEO plugin v27.4 - https:\/\/yoast.com\/product\/yoast-seo-wordpress\/ -->\n<title>Gesti\u00f3n de residuos - Awasuka.org<\/title>\n<meta name=\"robots\" content=\"index, follow, max-snippet:-1, max-image-preview:large, max-video-preview:-1\" \/>\n<link rel=\"canonical\" href=\"https:\/\/awasuka.org\/es\/gestio-de-residus\/\" \/>\n<meta property=\"og:locale\" content=\"es_ES\" \/>\n<meta property=\"og:type\" content=\"article\" \/>\n<meta property=\"og:title\" content=\"Gesti\u00f3n de residuos - Awasuka.org\" \/>\n<meta property=\"og:url\" content=\"https:\/\/awasuka.org\/es\/gestio-de-residus\/\" \/>\n<meta property=\"og:site_name\" content=\"Awasuka.org\" \/>\n<meta property=\"article:modified_time\" content=\"2020-04-25T11:24:13+00:00\" \/>\n<meta name=\"twitter:card\" content=\"summary_large_image\" \/>\n<meta name=\"twitter:label1\" content=\"Tiempo de lectura\" \/>\n\t<meta name=\"twitter:data1\" content=\"3 minutos\" \/>\n<script type=\"application\/ld+json\" class=\"yoast-schema-graph\">{\"@context\":\"https:\\\/\\\/schema.org\",\"@graph\":[{\"@type\":\"WebPage\",\"@id\":\"https:\\\/\\\/awasuka.org\\\/es\\\/gestio-de-residus\\\/\",\"url\":\"https:\\\/\\\/awasuka.org\\\/es\\\/gestio-de-residus\\\/\",\"name\":\"Gesti\u00f3n de residuos - Awasuka.org\",\"isPartOf\":{\"@id\":\"https:\\\/\\\/awasuka.org\\\/es\\\/#website\"},\"datePublished\":\"2020-02-10T18:39:30+00:00\",\"dateModified\":\"2020-04-25T11:24:13+00:00\",\"breadcrumb\":{\"@id\":\"https:\\\/\\\/awasuka.org\\\/es\\\/gestio-de-residus\\\/#breadcrumb\"},\"inLanguage\":\"es\",\"potentialAction\":[{\"@type\":\"ReadAction\",\"target\":[\"https:\\\/\\\/awasuka.org\\\/es\\\/gestio-de-residus\\\/\"]}]},{\"@type\":\"BreadcrumbList\",\"@id\":\"https:\\\/\\\/awasuka.org\\\/es\\\/gestio-de-residus\\\/#breadcrumb\",\"itemListElement\":[{\"@type\":\"ListItem\",\"position\":1,\"name\":\"Portada\",\"item\":\"https:\\\/\\\/awasuka.org\\\/es\\\/home\\\/\"},{\"@type\":\"ListItem\",\"position\":2,\"name\":\"Gesti\u00f3n de residuos\"}]},{\"@type\":\"WebSite\",\"@id\":\"https:\\\/\\\/awasuka.org\\\/es\\\/#website\",\"url\":\"https:\\\/\\\/awasuka.org\\\/es\\\/\",\"name\":\"Awasuka.org\",\"description\":\"\",\"potentialAction\":[{\"@type\":\"SearchAction\",\"target\":{\"@type\":\"EntryPoint\",\"urlTemplate\":\"https:\\\/\\\/awasuka.org\\\/es\\\/?s={search_term_string}\"},\"query-input\":{\"@type\":\"PropertyValueSpecification\",\"valueRequired\":true,\"valueName\":\"search_term_string\"}}],\"inLanguage\":\"es\"}]}<\/script>\n<!-- \/ Yoast SEO plugin. -->","yoast_head_json":{"title":"Gesti\u00f3n de residuos - Awasuka.org","robots":{"index":"index","follow":"follow","max-snippet":"max-snippet:-1","max-image-preview":"max-image-preview:large","max-video-preview":"max-video-preview:-1"},"canonical":"https:\/\/awasuka.org\/es\/gestio-de-residus\/","og_locale":"es_ES","og_type":"article","og_title":"Gesti\u00f3n de residuos - Awasuka.org","og_url":"https:\/\/awasuka.org\/es\/gestio-de-residus\/","og_site_name":"Awasuka.org","article_modified_time":"2020-04-25T11:24:13+00:00","twitter_card":"summary_large_image","twitter_misc":{"Tiempo de lectura":"3 minutos"},"schema":{"@context":"https:\/\/schema.org","@graph":[{"@type":"WebPage","@id":"https:\/\/awasuka.org\/es\/gestio-de-residus\/","url":"https:\/\/awasuka.org\/es\/gestio-de-residus\/","name":"Gesti\u00f3n de residuos - Awasuka.org","isPartOf":{"@id":"https:\/\/awasuka.org\/es\/#website"},"datePublished":"2020-02-10T18:39:30+00:00","dateModified":"2020-04-25T11:24:13+00:00","breadcrumb":{"@id":"https:\/\/awasuka.org\/es\/gestio-de-residus\/#breadcrumb"},"inLanguage":"es","potentialAction":[{"@type":"ReadAction","target":["https:\/\/awasuka.org\/es\/gestio-de-residus\/"]}]},{"@type":"BreadcrumbList","@id":"https:\/\/awasuka.org\/es\/gestio-de-residus\/#breadcrumb","itemListElement":[{"@type":"ListItem","position":1,"name":"Portada","item":"https:\/\/awasuka.org\/es\/home\/"},{"@type":"ListItem","position":2,"name":"Gesti\u00f3n de residuos"}]},{"@type":"WebSite","@id":"https:\/\/awasuka.org\/es\/#website","url":"https:\/\/awasuka.org\/es\/","name":"Awasuka.org","description":"","potentialAction":[{"@type":"SearchAction","target":{"@type":"EntryPoint","urlTemplate":"https:\/\/awasuka.org\/es\/?s={search_term_string}"},"query-input":{"@type":"PropertyValueSpecification","valueRequired":true,"valueName":"search_term_string"}}],"inLanguage":"es"}]}},"_links":{"self":[{"href":"https:\/\/awasuka.org\/es\/wp-json\/wp\/v2\/pages\/3652","targetHints":{"allow":["GET"]}}],"collection":[{"href":"https:\/\/awasuka.org\/es\/wp-json\/wp\/v2\/pages"}],"about":[{"href":"https:\/\/awasuka.org\/es\/wp-json\/wp\/v2\/types\/page"}],"author":[{"embeddable":true,"href":"https:\/\/awasuka.org\/es\/wp-json\/wp\/v2\/users\/1"}],"replies":[{"embeddable":true,"href":"https:\/\/awasuka.org\/es\/wp-json\/wp\/v2\/comments?post=3652"}],"version-history":[{"count":0,"href":"https:\/\/awasuka.org\/es\/wp-json\/wp\/v2\/pages\/3652\/revisions"}],"wp:attachment":[{"href":"https:\/\/awasuka.org\/es\/wp-json\/wp\/v2\/media?parent=3652"}],"curies":[{"name":"wp","href":"https:\/\/api.w.org\/{rel}","templated":true}]}}