{"id":3649,"date":"2020-02-10T19:35:55","date_gmt":"2020-02-10T18:35:55","guid":{"rendered":"https:\/\/awasuka.org\/?page_id=3649"},"modified":"2023-02-23T18:45:49","modified_gmt":"2023-02-23T17:45:49","slug":"aigua","status":"publish","type":"page","link":"https:\/\/awasuka.org\/es\/aigua\/","title":{"rendered":"Agua Potable"},"content":{"rendered":"\n<style type=\"text\/css\" data-created_by=\"avia_inline_auto\" id=\"style-css-av-k6gnlw1b-4dde13a586e5f5c1b2d83c7d084add91\">\n.avia-section.av-k6gnlw1b-4dde13a586e5f5c1b2d83c7d084add91{\nbackground-color:#e46c0b;\nbackground-image:unset;\n}\n<\/style>\n<div id='av_section_1'  class='avia-section av-k6gnlw1b-4dde13a586e5f5c1b2d83c7d084add91 main_color avia-section-default avia-no-border-styling  avia-builder-el-0  el_before_av_one_half  avia-builder-el-first  avia-bg-style-scroll container_wrap fullsize'  ><div class='container av-section-cont-open' ><main  role=\"main\" itemprop=\"mainContentOfPage\"  class='template-page content  av-content-full alpha units'><div class='post-entry post-entry-type-page post-entry-3649'><div class='entry-content-wrapper clearfix'>\n\n<style type=\"text\/css\" data-created_by=\"avia_inline_auto\" id=\"style-css-av-k9fjczbx-102dee3b5c0258c997e89973eb32ba5f\">\n#top .av-special-heading.av-k9fjczbx-102dee3b5c0258c997e89973eb32ba5f{\npadding-bottom:10px;\ncolor:#ffffff;\n}\nbody .av-special-heading.av-k9fjczbx-102dee3b5c0258c997e89973eb32ba5f .av-special-heading-tag .heading-char{\nfont-size:25px;\n}\n.av-special-heading.av-k9fjczbx-102dee3b5c0258c997e89973eb32ba5f .special-heading-inner-border{\nborder-color:#ffffff;\n}\n.av-special-heading.av-k9fjczbx-102dee3b5c0258c997e89973eb32ba5f .av-subheading{\nfont-size:15px;\n}\n<\/style>\n<div  class='av-special-heading av-k9fjczbx-102dee3b5c0258c997e89973eb32ba5f av-special-heading-h1 custom-color-heading blockquote modern-quote  avia-builder-el-1  avia-builder-el-no-sibling  av-linked-heading'><div class='av_custom_color av-subheading av-subheading_above'><p>Salud<\/p>\n<\/div><h1 class='av-special-heading-tag '  itemprop=\"headline\"  >Agua Potable<\/h1><div class=\"special-heading-border\"><div class=\"special-heading-inner-border\"><\/div><\/div><\/div>\n<\/div><\/div><\/main><!-- close content main element --><\/div><\/div><div id='after_section_1'  class='main_color av_default_container_wrap container_wrap fullsize'  ><div class='container av-section-cont-open' ><div class='template-page content  av-content-full alpha units'><div class='post-entry post-entry-type-page post-entry-3649'><div class='entry-content-wrapper clearfix'>\n<style type=\"text\/css\" data-created_by=\"avia_inline_auto\" id=\"style-css-av-a8d6e7-a91b338d0cc9dc927c89612d8912b265\">\n.flex_column.av-a8d6e7-a91b338d0cc9dc927c89612d8912b265{\nborder-radius:0px 0px 0px 0px;\npadding:0px 0px 0px 0px;\n}\n<\/style>\n<div  class='flex_column av-a8d6e7-a91b338d0cc9dc927c89612d8912b265 av_one_half  avia-builder-el-2  el_after_av_section  el_before_av_one_half  avia-builder-el-first  first flex_column_div av-zero-column-padding  '     ><section  class='av_textblock_section av-k6gpfpmv-f0ca9ae27285a3a021c57b19a290b222 '   itemscope=\"itemscope\" itemtype=\"https:\/\/schema.org\/CreativeWork\" ><div class='avia_textblock'  itemprop=\"text\" ><p>Desde 2011 Awasuka ha trabajado en varios proyectos comunitarios de <strong>agua<\/strong> y de <strong>salud<\/strong> en las zonas rurales de Nepal, abord\u00e1ndolos desde diferentes aspectos: reconstrucci\u00f3n de dep\u00f3sitos, filtros de arena, tratamiento de agua, formaci\u00f3n de la poblaci\u00f3n &#8230; Pero despu\u00e9s de muchos a\u00f1os de experiencia, se ha constatado que el tema m\u00e1s importante es la <strong>concienciaci\u00f3n<\/strong> de la <strong>gente local<\/strong> sobre la necesidad de tratar el agua. Las enfermedades provocadas por el agua siguen siendo una de las principales causas de muerte en Nepal, muriendo 13.000 ni\u00f1os al a\u00f1o y muchos m\u00e1s adultos. Comparativamente, el terremoto caus\u00f3 9.000 muertes.<\/p>\n<p>Por ello se han ido organizando sesiones de concienciaci\u00f3n de varias formas, siendo siempre los sistemas m\u00e1s efectivos: las <strong>canciones<\/strong> y la <strong>m\u00fasica<\/strong>. Sabiendo esto, el a\u00f1o 2013 se compuso la canci\u00f3n WATER PAANI, a fin de crear actividades de difusi\u00f3n bas\u00e1ndose en ella: teatro musical, clases de m\u00fasica, actividades l\u00fadicas, talleres, sesiones formativas, etc &#8230; Todas las actividades resultan siempre <strong>divertidas<\/strong> y <strong>entretenidas<\/strong>, ya que se van tratando todos los temas relacionados con el agua a trav\u00e9s de las diferentes partes de la canci\u00f3n.<\/p>\n<p>Mira el video y desc\u00e1rgate las actividades Water Paan, muchas otras ONGs ya est\u00e1n utilizando Water Paan para sus actividades de concienciaci\u00f3n.<\/p>\n<\/div><\/section><\/div><\/p>\n\n<style type=\"text\/css\" data-created_by=\"avia_inline_auto\" id=\"style-css-av-a8d6e7-5da04602d0155edf7953ee0f79b7375e\">\n.flex_column.av-a8d6e7-5da04602d0155edf7953ee0f79b7375e{\nborder-radius:0px 0px 0px 0px;\npadding:0px 0px 0px 0px;\n}\n<\/style>\n<div  class='flex_column av-a8d6e7-5da04602d0155edf7953ee0f79b7375e av_one_half  avia-builder-el-4  el_after_av_one_half  avia-builder-el-last  flex_column_div av-zero-column-padding  '     ><p><div  class='avia-video av-k6gs4h8t-d191bf22f0aa36beeb482573cc1cd79e avia-video-16-9 av-no-preview-image avia-video-load-always av-lazyload-immediate av-lazyload-video-embed'  itemprop=\"video\" itemtype=\"https:\/\/schema.org\/VideoObject\"  data-original_url='https:\/\/www.youtube.com\/watch?v=w7oxYNGsKQo'><script type='text\/html' class='av-video-tmpl'><div class='avia-iframe-wrap'><iframe loading=\"lazy\" title=\"Water Paani - Monica Sans Duran\" width=\"1500\" height=\"844\" src=\"https:\/\/www.youtube.com\/embed\/w7oxYNGsKQo?feature=oembed&autoplay=0&loop=0&controls=1&mute=0\" frameborder=\"0\" allow=\"accelerometer; autoplay; encrypted-media; gyroscope; picture-in-picture\" allowfullscreen><\/iframe><\/div><\/script><div class='av-click-to-play-overlay'><div class=\"avia_playpause_icon\"><\/div><\/div><\/div><br \/>\n\n<style type=\"text\/css\" data-created_by=\"avia_inline_auto\" id=\"style-css-av-k6gphtvy-a2ce4170fbc25cb3145208ffa3144bf4\">\n#top .avia-icon-list-container.av-k6gphtvy-a2ce4170fbc25cb3145208ffa3144bf4 .iconlist_icon{\ncolor:#000000;\n}\n#top .avia-icon-list-container.av-k6gphtvy-a2ce4170fbc25cb3145208ffa3144bf4 .iconlist_icon svg:first-child{\nstroke:#000000;\nfill:#000000;\n}\n<\/style>\n<div  class='avia-icon-list-container av-k6gphtvy-a2ce4170fbc25cb3145208ffa3144bf4  avia-builder-el-6  el_after_av_video  avia-builder-el-last '><ul class='avia-icon-list avia_animate_when_almost_visible avia-icon-list-left av-iconlist-small av-k6gphtvy-a2ce4170fbc25cb3145208ffa3144bf4 avia-iconlist-animate'>\n<li><a href='https:\/\/awasuka.org\/wp-content\/uploads\/2020\/03\/5.06_AwasukaProgram-WATER_Good_04-ENG-A4_REDUCED.pdf' title='Actividades Water Paani - Info para Facilitadores (ENG)'  target=\"_blank\"  rel=\"noopener noreferrer\" class='iconlist_icon av-amufxt-b56ab122d1625d17e2d664b95700a807 avia-font-entypo-fontello avia-iconfont avia-font-entypo-fontello'><span class='av-icon-char' data-av_icon='\ue84e' data-av_iconfont='entypo-fontello' aria-hidden=\"true\"><\/span><\/a><article class=\"article-icon-entry av-iconlist-empty\"  itemscope=\"itemscope\" itemtype=\"https:\/\/schema.org\/CreativeWork\" ><div class=\"iconlist_content_wrap\"><header class=\"entry-content-header\" aria-label=\"Icon: &lt;a href=&#039;https:\/\/awasuka.org\/wp-content\/uploads\/2020\/03\/5.06_AwasukaProgram-WATER_Good_04-ENG-A4_REDUCED.pdf&#039; title=&#039;Actividades Water Paani - Info para Facilitadores (ENG)&#039; target=&quot;_blank&quot;  rel=&quot;noopener noreferrer&quot;&gt;Actividades Water Paani - Info para Facilitadores (ENG)&lt;\/a&gt;\"><div class='av_iconlist_title iconlist_title_small  '  itemprop=\"headline\" ><a href='https:\/\/awasuka.org\/wp-content\/uploads\/2020\/03\/5.06_AwasukaProgram-WATER_Good_04-ENG-A4_REDUCED.pdf' title='Actividades Water Paani - Info para Facilitadores (ENG)' target=\"_blank\"  rel=\"noopener noreferrer\">Actividades Water Paani - Info para Facilitadores (ENG)<\/a><\/div><\/header><div class='iconlist_content '  itemprop=\"text\" ><\/div><\/div><footer class=\"entry-footer\"><\/footer><\/article><div class=\"iconlist-timeline\"><\/div><\/li>\n<li><a href='https:\/\/awasuka.org\/wp-content\/uploads\/2020\/03\/AwasukaProgram-WATER_Good_04-ENG-A4.pdf' title='Actividades Water Paani (ENG)'  target=\"_blank\"  rel=\"noopener noreferrer\" class='iconlist_icon av-9pv10x-59d46634c2211ef864e8a89b440fb62b avia-font-entypo-fontello avia-iconfont avia-font-entypo-fontello'><span class='av-icon-char' data-av_icon='\ue801' data-av_iconfont='entypo-fontello' aria-hidden=\"true\"><\/span><\/a><article class=\"article-icon-entry av-iconlist-empty\"  itemscope=\"itemscope\" itemtype=\"https:\/\/schema.org\/CreativeWork\" ><div class=\"iconlist_content_wrap\"><header class=\"entry-content-header\" aria-label=\"Icon: &lt;a href=&#039;https:\/\/awasuka.org\/wp-content\/uploads\/2020\/03\/AwasukaProgram-WATER_Good_04-ENG-A4.pdf&#039; title=&#039;Actividades Water Paani (ENG)&#039; target=&quot;_blank&quot;  rel=&quot;noopener noreferrer&quot;&gt;Actividades Water Paani (ENG)&lt;\/a&gt;\"><div class='av_iconlist_title iconlist_title_small  '  itemprop=\"headline\" ><a href='https:\/\/awasuka.org\/wp-content\/uploads\/2020\/03\/AwasukaProgram-WATER_Good_04-ENG-A4.pdf' title='Actividades Water Paani (ENG)' target=\"_blank\"  rel=\"noopener noreferrer\">Actividades Water Paani (ENG)<\/a><\/div><\/header><div class='iconlist_content '  itemprop=\"text\" ><\/div><\/div><footer class=\"entry-footer\"><\/footer><\/article><div class=\"iconlist-timeline\"><\/div><\/li>\n<li><a href='https:\/\/awasuka.org\/wp-content\/uploads\/2020\/03\/AwasukaProgram-WATER_Good_04-Nep-A4.pdf' title='Actividades Water Paani (NEP)'  target=\"_blank\"  rel=\"noopener noreferrer\" class='iconlist_icon av-79ciip-cb1fb32cdaeb9559b34c0a1d52dbfc25 avia-font-entypo-fontello avia-iconfont avia-font-entypo-fontello'><span class='av-icon-char' data-av_icon='\ue801' data-av_iconfont='entypo-fontello' aria-hidden=\"true\"><\/span><\/a><article class=\"article-icon-entry av-iconlist-empty\"  itemscope=\"itemscope\" itemtype=\"https:\/\/schema.org\/CreativeWork\" ><div class=\"iconlist_content_wrap\"><header class=\"entry-content-header\" aria-label=\"Icon: &lt;a href=&#039;https:\/\/awasuka.org\/wp-content\/uploads\/2020\/03\/AwasukaProgram-WATER_Good_04-Nep-A4.pdf&#039; title=&#039;Actividades Water Paani (NEP)&#039; target=&quot;_blank&quot;  rel=&quot;noopener noreferrer&quot;&gt;Actividades Water Paani (NEP)&lt;\/a&gt;\"><div class='av_iconlist_title iconlist_title_small  '  itemprop=\"headline\" ><a href='https:\/\/awasuka.org\/wp-content\/uploads\/2020\/03\/AwasukaProgram-WATER_Good_04-Nep-A4.pdf' title='Actividades Water Paani (NEP)' target=\"_blank\"  rel=\"noopener noreferrer\">Actividades Water Paani (NEP)<\/a><\/div><\/header><div class='iconlist_content '  itemprop=\"text\" ><\/div><\/div><footer class=\"entry-footer\"><\/footer><\/article><div class=\"iconlist-timeline\"><\/div><\/li>\n<li><a href='https:\/\/awasuka.org\/wp-content\/uploads\/2020\/03\/AwasukaProgram-WATER-PAANI_POSTER-ENG-NEP_A4.pdf' title='P\u00f3ster Cloraci\u00f3n Agua (ENG i NEP)'  target=\"_blank\"  rel=\"noopener noreferrer\" class='iconlist_icon av-5jfnbl-be337418c56f232089082fd1eb0297ae avia-font-entypo-fontello avia-iconfont avia-font-entypo-fontello'><span class='av-icon-char' data-av_icon='\ue848' data-av_iconfont='entypo-fontello' aria-hidden=\"true\"><\/span><\/a><article class=\"article-icon-entry av-iconlist-empty\"  itemscope=\"itemscope\" itemtype=\"https:\/\/schema.org\/CreativeWork\" ><div class=\"iconlist_content_wrap\"><header class=\"entry-content-header\" aria-label=\"Icon: &lt;a href=&#039;https:\/\/awasuka.org\/wp-content\/uploads\/2020\/03\/AwasukaProgram-WATER-PAANI_POSTER-ENG-NEP_A4.pdf&#039; title=&#039;P\u00f3ster Cloraci\u00f3n Agua (ENG i NEP)&#039; target=&quot;_blank&quot;  rel=&quot;noopener noreferrer&quot;&gt;P\u00f3ster Cloraci\u00f3n Agua (ENG i NEP)&lt;\/a&gt;\"><div class='av_iconlist_title iconlist_title_small  '  itemprop=\"headline\" ><a href='https:\/\/awasuka.org\/wp-content\/uploads\/2020\/03\/AwasukaProgram-WATER-PAANI_POSTER-ENG-NEP_A4.pdf' title='P\u00f3ster Cloraci\u00f3n Agua (ENG i NEP)' target=\"_blank\"  rel=\"noopener noreferrer\">P\u00f3ster Cloraci\u00f3n Agua (ENG i NEP)<\/a><\/div><\/header><div class='iconlist_content '  itemprop=\"text\" ><\/div><\/div><footer class=\"entry-footer\"><\/footer><\/article><div class=\"iconlist-timeline\"><\/div><\/li>\n<li><a href='https:\/\/awasuka.org\/wp-content\/uploads\/2021\/02\/Water-Paani_Bb_LyricsChords-1.pdf' title='Water Paani - Letra i Acordes (ENG)'  target=\"_blank\"  rel=\"noopener noreferrer\" class='iconlist_icon av-fgx41-2be3f2e134755df67d1c43633b376a45 avia-font-entypo-fontello avia-iconfont avia-font-entypo-fontello'><span class='av-icon-char' data-av_icon='\ue836' data-av_iconfont='entypo-fontello' aria-hidden=\"true\"><\/span><\/a><article class=\"article-icon-entry av-iconlist-empty\"  itemscope=\"itemscope\" itemtype=\"https:\/\/schema.org\/CreativeWork\" ><div class=\"iconlist_content_wrap\"><header class=\"entry-content-header\" aria-label=\"Icon: &lt;a href=&#039;https:\/\/awasuka.org\/wp-content\/uploads\/2021\/02\/Water-Paani_Bb_LyricsChords-1.pdf&#039; title=&#039;Water Paani - Letra i Acordes (ENG)&#039; target=&quot;_blank&quot;  rel=&quot;noopener noreferrer&quot;&gt;Water Paani - Letra i Acordes (ENG)&lt;\/a&gt;\"><div class='av_iconlist_title iconlist_title_small  '  itemprop=\"headline\" ><a href='https:\/\/awasuka.org\/wp-content\/uploads\/2021\/02\/Water-Paani_Bb_LyricsChords-1.pdf' title='Water Paani - Letra i Acordes (ENG)' target=\"_blank\"  rel=\"noopener noreferrer\">Water Paani - Letra i Acordes (ENG)<\/a><\/div><\/header><div class='iconlist_content '  itemprop=\"text\" ><\/div><\/div><footer class=\"entry-footer\"><\/footer><\/article><div class=\"iconlist-timeline\"><\/div><\/li>\n<li><a href='https:\/\/awasuka.org\/wp-content\/uploads\/2021\/02\/WaterPaani_5-Cuts.zip' title='Water Paani - Cortes canci\u00f3n en archivo comprimido (ZIP)'  target=\"_blank\"  rel=\"noopener noreferrer\" class='iconlist_icon av-2bfjtd-046475153d7cc2b89f8d265290e68b15 avia-font-entypo-fontello avia-iconfont avia-font-entypo-fontello'><span class='av-icon-char' data-av_icon='\ue800' data-av_iconfont='entypo-fontello' aria-hidden=\"true\"><\/span><\/a><article class=\"article-icon-entry \"  itemscope=\"itemscope\" itemtype=\"https:\/\/schema.org\/CreativeWork\" ><div class=\"iconlist_content_wrap\"><header class=\"entry-content-header\" aria-label=\"Icon: &lt;a href=&#039;https:\/\/awasuka.org\/wp-content\/uploads\/2021\/02\/WaterPaani_5-Cuts.zip&#039; title=&#039;Water Paani - Cortes canci\u00f3n en archivo comprimido (ZIP)&#039; target=&quot;_blank&quot;  rel=&quot;noopener noreferrer&quot;&gt;Water Paani - Cortes canci\u00f3n en archivo comprimido (ZIP)&lt;\/a&gt;\"><div class='av_iconlist_title iconlist_title_small  '  itemprop=\"headline\" ><a href='https:\/\/awasuka.org\/wp-content\/uploads\/2021\/02\/WaterPaani_5-Cuts.zip' title='Water Paani - Cortes canci\u00f3n en archivo comprimido (ZIP)' target=\"_blank\"  rel=\"noopener noreferrer\">Water Paani - Cortes canci\u00f3n en archivo comprimido (ZIP)<\/a><\/div><\/header><div class='iconlist_content '  itemprop=\"text\" ><p><a href=\"https:\/\/awasuka.org\/wp-content\/uploads\/2021\/02\/WaterPaani_01-Cut.mp3\" target=\"_blank\" rel=\"noopener\">Corte #1<\/a><br \/>\n<a href=\"https:\/\/awasuka.org\/wp-content\/uploads\/2021\/02\/WaterPaani_02-Cut.mp3\" target=\"_blank\" rel=\"noopener\">Corte #2<\/a><br \/>\n<a href=\"https:\/\/awasuka.org\/wp-content\/uploads\/2021\/02\/WaterPaani_03-Cut.mp3\" target=\"_blank\" rel=\"noopener\">Corte #3<\/a><br \/>\n<a href=\"https:\/\/awasuka.org\/wp-content\/uploads\/2021\/02\/WaterPaani_04-Cut.mp3\" target=\"_blank\" rel=\"noopener\">Corte #4<\/a><br \/>\n<a href=\"https:\/\/awasuka.org\/wp-content\/uploads\/2021\/02\/WaterPaani_05-1-Cut.mp3\" target=\"_blank\" rel=\"noopener\">Corte #5.1<\/a><br \/>\n<a href=\"https:\/\/awasuka.org\/wp-content\/uploads\/2021\/02\/WaterPaani_05-2-Cut.mp3\" target=\"_blank\" rel=\"noopener\">Corte #5.2<\/a><\/p>\n<\/div><\/div><footer class=\"entry-footer\"><\/footer><\/article><div class=\"iconlist-timeline\"><\/div><\/li>\n<\/ul><\/div><\/p><\/div>\n","protected":false},"excerpt":{"rendered":"","protected":false},"author":1,"featured_media":0,"parent":0,"menu_order":0,"comment_status":"closed","ping_status":"closed","template":"","meta":{"footnotes":""},"class_list":["post-3649","page","type-page","status-publish","hentry"],"yoast_head":"<!-- This site is optimized with the Yoast SEO plugin v27.4 - https:\/\/yoast.com\/product\/yoast-seo-wordpress\/ -->\n<title>Agua Potable - Awasuka.org<\/title>\n<meta name=\"robots\" content=\"index, follow, max-snippet:-1, max-image-preview:large, max-video-preview:-1\" \/>\n<link rel=\"canonical\" href=\"https:\/\/awasuka.org\/es\/aigua\/\" \/>\n<meta property=\"og:locale\" content=\"es_ES\" \/>\n<meta property=\"og:type\" content=\"article\" \/>\n<meta property=\"og:title\" content=\"Agua Potable - Awasuka.org\" \/>\n<meta property=\"og:url\" content=\"https:\/\/awasuka.org\/es\/aigua\/\" \/>\n<meta property=\"og:site_name\" content=\"Awasuka.org\" \/>\n<meta property=\"article:modified_time\" content=\"2023-02-23T17:45:49+00:00\" \/>\n<meta name=\"twitter:card\" content=\"summary_large_image\" \/>\n<meta name=\"twitter:label1\" content=\"Tiempo de lectura\" \/>\n\t<meta name=\"twitter:data1\" content=\"3 minutos\" \/>\n<script type=\"application\/ld+json\" class=\"yoast-schema-graph\">{\"@context\":\"https:\\\/\\\/schema.org\",\"@graph\":[{\"@type\":\"WebPage\",\"@id\":\"https:\\\/\\\/awasuka.org\\\/es\\\/aigua\\\/\",\"url\":\"https:\\\/\\\/awasuka.org\\\/es\\\/aigua\\\/\",\"name\":\"Agua Potable - Awasuka.org\",\"isPartOf\":{\"@id\":\"https:\\\/\\\/awasuka.org\\\/es\\\/#website\"},\"datePublished\":\"2020-02-10T18:35:55+00:00\",\"dateModified\":\"2023-02-23T17:45:49+00:00\",\"breadcrumb\":{\"@id\":\"https:\\\/\\\/awasuka.org\\\/es\\\/aigua\\\/#breadcrumb\"},\"inLanguage\":\"es\",\"potentialAction\":[{\"@type\":\"ReadAction\",\"target\":[\"https:\\\/\\\/awasuka.org\\\/es\\\/aigua\\\/\"]}]},{\"@type\":\"BreadcrumbList\",\"@id\":\"https:\\\/\\\/awasuka.org\\\/es\\\/aigua\\\/#breadcrumb\",\"itemListElement\":[{\"@type\":\"ListItem\",\"position\":1,\"name\":\"Portada\",\"item\":\"https:\\\/\\\/awasuka.org\\\/es\\\/home\\\/\"},{\"@type\":\"ListItem\",\"position\":2,\"name\":\"Agua Potable\"}]},{\"@type\":\"WebSite\",\"@id\":\"https:\\\/\\\/awasuka.org\\\/es\\\/#website\",\"url\":\"https:\\\/\\\/awasuka.org\\\/es\\\/\",\"name\":\"Awasuka.org\",\"description\":\"\",\"potentialAction\":[{\"@type\":\"SearchAction\",\"target\":{\"@type\":\"EntryPoint\",\"urlTemplate\":\"https:\\\/\\\/awasuka.org\\\/es\\\/?s={search_term_string}\"},\"query-input\":{\"@type\":\"PropertyValueSpecification\",\"valueRequired\":true,\"valueName\":\"search_term_string\"}}],\"inLanguage\":\"es\"}]}<\/script>\n<!-- \/ Yoast SEO plugin. -->","yoast_head_json":{"title":"Agua Potable - Awasuka.org","robots":{"index":"index","follow":"follow","max-snippet":"max-snippet:-1","max-image-preview":"max-image-preview:large","max-video-preview":"max-video-preview:-1"},"canonical":"https:\/\/awasuka.org\/es\/aigua\/","og_locale":"es_ES","og_type":"article","og_title":"Agua Potable - Awasuka.org","og_url":"https:\/\/awasuka.org\/es\/aigua\/","og_site_name":"Awasuka.org","article_modified_time":"2023-02-23T17:45:49+00:00","twitter_card":"summary_large_image","twitter_misc":{"Tiempo de lectura":"3 minutos"},"schema":{"@context":"https:\/\/schema.org","@graph":[{"@type":"WebPage","@id":"https:\/\/awasuka.org\/es\/aigua\/","url":"https:\/\/awasuka.org\/es\/aigua\/","name":"Agua Potable - Awasuka.org","isPartOf":{"@id":"https:\/\/awasuka.org\/es\/#website"},"datePublished":"2020-02-10T18:35:55+00:00","dateModified":"2023-02-23T17:45:49+00:00","breadcrumb":{"@id":"https:\/\/awasuka.org\/es\/aigua\/#breadcrumb"},"inLanguage":"es","potentialAction":[{"@type":"ReadAction","target":["https:\/\/awasuka.org\/es\/aigua\/"]}]},{"@type":"BreadcrumbList","@id":"https:\/\/awasuka.org\/es\/aigua\/#breadcrumb","itemListElement":[{"@type":"ListItem","position":1,"name":"Portada","item":"https:\/\/awasuka.org\/es\/home\/"},{"@type":"ListItem","position":2,"name":"Agua Potable"}]},{"@type":"WebSite","@id":"https:\/\/awasuka.org\/es\/#website","url":"https:\/\/awasuka.org\/es\/","name":"Awasuka.org","description":"","potentialAction":[{"@type":"SearchAction","target":{"@type":"EntryPoint","urlTemplate":"https:\/\/awasuka.org\/es\/?s={search_term_string}"},"query-input":{"@type":"PropertyValueSpecification","valueRequired":true,"valueName":"search_term_string"}}],"inLanguage":"es"}]}},"_links":{"self":[{"href":"https:\/\/awasuka.org\/es\/wp-json\/wp\/v2\/pages\/3649","targetHints":{"allow":["GET"]}}],"collection":[{"href":"https:\/\/awasuka.org\/es\/wp-json\/wp\/v2\/pages"}],"about":[{"href":"https:\/\/awasuka.org\/es\/wp-json\/wp\/v2\/types\/page"}],"author":[{"embeddable":true,"href":"https:\/\/awasuka.org\/es\/wp-json\/wp\/v2\/users\/1"}],"replies":[{"embeddable":true,"href":"https:\/\/awasuka.org\/es\/wp-json\/wp\/v2\/comments?post=3649"}],"version-history":[{"count":0,"href":"https:\/\/awasuka.org\/es\/wp-json\/wp\/v2\/pages\/3649\/revisions"}],"wp:attachment":[{"href":"https:\/\/awasuka.org\/es\/wp-json\/wp\/v2\/media?parent=3649"}],"curies":[{"name":"wp","href":"https:\/\/api.w.org\/{rel}","templated":true}]}}