{"id":3630,"date":"2020-02-10T18:31:45","date_gmt":"2020-02-10T17:31:45","guid":{"rendered":"https:\/\/awasuka.org\/?page_id=3630"},"modified":"2020-05-16T17:13:56","modified_gmt":"2020-05-16T16:13:56","slug":"musica","status":"publish","type":"page","link":"https:\/\/awasuka.org\/es\/musica\/","title":{"rendered":"Difusi\u00f3n Musical"},"content":{"rendered":"\n<style type=\"text\/css\" data-created_by=\"avia_inline_auto\" id=\"style-css-av-k6gnlw1b-4dde13a586e5f5c1b2d83c7d084add91\">\n.avia-section.av-k6gnlw1b-4dde13a586e5f5c1b2d83c7d084add91{\nbackground-color:#e46c0b;\nbackground-image:unset;\n}\n<\/style>\n<div id='av_section_1'  class='avia-section av-k6gnlw1b-4dde13a586e5f5c1b2d83c7d084add91 main_color avia-section-default avia-no-border-styling  avia-builder-el-0  el_before_av_one_half  avia-builder-el-first  avia-bg-style-scroll container_wrap fullsize'  ><div class='container av-section-cont-open' ><main  role=\"main\" itemprop=\"mainContentOfPage\"  class='template-page content  av-content-full alpha units'><div class='post-entry post-entry-type-page post-entry-3630'><div class='entry-content-wrapper clearfix'>\n\n<style type=\"text\/css\" data-created_by=\"avia_inline_auto\" id=\"style-css-av-k977ybu5-9374299d2529869aca9d65f4202b4288\">\n#top .av-special-heading.av-k977ybu5-9374299d2529869aca9d65f4202b4288{\npadding-bottom:10px;\ncolor:#ffffff;\n}\nbody .av-special-heading.av-k977ybu5-9374299d2529869aca9d65f4202b4288 .av-special-heading-tag .heading-char{\nfont-size:25px;\n}\n.av-special-heading.av-k977ybu5-9374299d2529869aca9d65f4202b4288 .special-heading-inner-border{\nborder-color:#ffffff;\n}\n.av-special-heading.av-k977ybu5-9374299d2529869aca9d65f4202b4288 .av-subheading{\nfont-size:15px;\n}\n<\/style>\n<div  class='av-special-heading av-k977ybu5-9374299d2529869aca9d65f4202b4288 av-special-heading-h1 custom-color-heading blockquote modern-quote  avia-builder-el-1  avia-builder-el-no-sibling  av-linked-heading'><div class='av_custom_color av-subheading av-subheading_above'><p>Sismo-Resistencia<\/p>\n<\/div><h1 class='av-special-heading-tag '  itemprop=\"headline\"  >Difusi\u00f3n Musical<\/h1><div class=\"special-heading-border\"><div class=\"special-heading-inner-border\"><\/div><\/div><\/div>\n<\/div><\/div><\/main><!-- close content main element --><\/div><\/div><div id='after_section_1'  class='main_color av_default_container_wrap container_wrap fullsize'  ><div class='container av-section-cont-open' ><div class='template-page content  av-content-full alpha units'><div class='post-entry post-entry-type-page post-entry-3630'><div class='entry-content-wrapper clearfix'>\n\n<style type=\"text\/css\" data-created_by=\"avia_inline_auto\" id=\"style-css-av-a8d6e7-a91b338d0cc9dc927c89612d8912b265\">\n.flex_column.av-a8d6e7-a91b338d0cc9dc927c89612d8912b265{\nborder-radius:0px 0px 0px 0px;\npadding:0px 0px 0px 0px;\n}\n<\/style>\n<div  class='flex_column av-a8d6e7-a91b338d0cc9dc927c89612d8912b265 av_one_half  avia-builder-el-2  el_after_av_section  el_before_av_one_half  avia-builder-el-first  first flex_column_div av-zero-column-padding  '     ><section  class='av_textblock_section av-k6gpfpmv-f0ca9ae27285a3a021c57b19a290b222 '   itemscope=\"itemscope\" itemtype=\"https:\/\/schema.org\/CreativeWork\" ><div class='avia_textblock'  itemprop=\"text\" ><p>Uno de los prop\u00f3sitos m\u00e1s importantes de Awasuka es difundir conocimientos sobre casas seguras. Es necesario que la gente no olvide las buenas costumbres de construir de forma segura, porque a veces, los h\u00e1bitos se relajan a medida que pasa el tiempo despu\u00e9s del terremoto. Y para continuar con la transmisi\u00f3n de conocimientos, a veces hay que inventar nuevas estrategias de comunicaci\u00f3n fuera de los canales tradicionales.<\/p>\n<p>Por ello Awasuka ha lanzado el video y la <strong>canci\u00f3n de sensibilizaci\u00f3n social \u00abBlock, Wood or Stone\u00bb (Bloque, Madera o Piedra)<\/strong> para difundir informaci\u00f3n importante sobre casas seguras, de manera entretenida. La canci\u00f3n habla del valor espiritual de una casa en Nepal, del zarandeo f\u00edsico y emocional que representa un terremoto y de lo que hay que saber para poder construir casas seguras. El v\u00eddeo fue dirigido por Nirmal Lama de Bhimphedi Guys, un bailar\u00edn y productor de v\u00eddeo muy popular de Bhimphedi, tambi\u00e9n involucrado en temas sociales. A trav\u00e9s de su canal de Youtube, de mucho \u00e9xito en todo el pa\u00eds, Awasuka ha conseguido una audiencia muy alta y, por tanto, una mejor difusi\u00f3n de su mensaje de sensibilizaci\u00f3n. Se ha llegado a 16.000 reproducciones, un n\u00famero muy elevado trat\u00e1ndose de un tutorial de arquitectura sismo-resistente, compar\u00e1ndolo con ONGs similares. En el rodaje del v\u00eddeo, en oto\u00f1o del 2018, participaron ni\u00f1os y ni\u00f1as de Balmandir (el orfanato de Amigos del Nepal) y del pueblo, as\u00ed como tambi\u00e9n uno de los beneficiarios de Awasuka.<\/p>\n<\/div><\/section><\/div>\n<style type=\"text\/css\" data-created_by=\"avia_inline_auto\" id=\"style-css-av-929ehr-9134c7ed053c46bb81ae7fb139ecfc1f\">\n.flex_column.av-929ehr-9134c7ed053c46bb81ae7fb139ecfc1f{\nborder-radius:0px 0px 0px 0px;\npadding:0px 0px 0px 0px;\n}\n<\/style>\n<div  class='flex_column av-929ehr-9134c7ed053c46bb81ae7fb139ecfc1f av_one_half  avia-builder-el-4  el_after_av_one_half  avia-builder-el-last  flex_column_div av-zero-column-padding  '     ><div  class='avia-video av-k6gqh284-1b1a141cbe7b7ee91810d65d2df5b5a9 avia-video-16-9 av-no-preview-image avia-video-load-always av-lazyload-immediate av-lazyload-video-embed'  itemprop=\"video\" itemtype=\"https:\/\/schema.org\/VideoObject\"  data-original_url='https:\/\/www.youtube.com\/watch?v=lUvfnMapogM'><script type='text\/html' class='av-video-tmpl'><div class='avia-iframe-wrap'><iframe loading=\"lazy\" title=\"BLOCK, WOOD or STONE | Monica Sans Duran ft. Bhimphedi Guys | Social Awareness Video | AWASUKA\" width=\"1500\" height=\"844\" src=\"https:\/\/www.youtube.com\/embed\/lUvfnMapogM?feature=oembed&autoplay=0&loop=0&controls=1&mute=0\" frameborder=\"0\" allow=\"accelerometer; autoplay; encrypted-media; gyroscope; picture-in-picture\" allowfullscreen><\/iframe><\/div><\/script><div class='av-click-to-play-overlay'><div class=\"avia_playpause_icon\"><\/div><\/div><\/div><\/div><\/p>\n","protected":false},"excerpt":{"rendered":"","protected":false},"author":1,"featured_media":0,"parent":0,"menu_order":0,"comment_status":"closed","ping_status":"closed","template":"","meta":{"footnotes":""},"class_list":["post-3630","page","type-page","status-publish","hentry"],"yoast_head":"<!-- This site is optimized with the Yoast SEO plugin v27.4 - https:\/\/yoast.com\/product\/yoast-seo-wordpress\/ -->\n<title>Difusi\u00f3n Musical - Awasuka.org<\/title>\n<meta name=\"robots\" content=\"index, follow, max-snippet:-1, max-image-preview:large, max-video-preview:-1\" \/>\n<link rel=\"canonical\" href=\"https:\/\/awasuka.org\/es\/musica\/\" \/>\n<meta property=\"og:locale\" content=\"es_ES\" \/>\n<meta property=\"og:type\" content=\"article\" \/>\n<meta property=\"og:title\" content=\"Difusi\u00f3n Musical - Awasuka.org\" \/>\n<meta property=\"og:url\" content=\"https:\/\/awasuka.org\/es\/musica\/\" \/>\n<meta property=\"og:site_name\" content=\"Awasuka.org\" \/>\n<meta property=\"article:modified_time\" content=\"2020-05-16T16:13:56+00:00\" \/>\n<meta name=\"twitter:card\" content=\"summary_large_image\" \/>\n<meta name=\"twitter:label1\" content=\"Tiempo de lectura\" \/>\n\t<meta name=\"twitter:data1\" content=\"4 minutos\" \/>\n<script type=\"application\/ld+json\" class=\"yoast-schema-graph\">{\"@context\":\"https:\\\/\\\/schema.org\",\"@graph\":[{\"@type\":\"WebPage\",\"@id\":\"https:\\\/\\\/awasuka.org\\\/es\\\/musica\\\/\",\"url\":\"https:\\\/\\\/awasuka.org\\\/es\\\/musica\\\/\",\"name\":\"Difusi\u00f3n Musical - Awasuka.org\",\"isPartOf\":{\"@id\":\"https:\\\/\\\/awasuka.org\\\/es\\\/#website\"},\"datePublished\":\"2020-02-10T17:31:45+00:00\",\"dateModified\":\"2020-05-16T16:13:56+00:00\",\"breadcrumb\":{\"@id\":\"https:\\\/\\\/awasuka.org\\\/es\\\/musica\\\/#breadcrumb\"},\"inLanguage\":\"es\",\"potentialAction\":[{\"@type\":\"ReadAction\",\"target\":[\"https:\\\/\\\/awasuka.org\\\/es\\\/musica\\\/\"]}]},{\"@type\":\"BreadcrumbList\",\"@id\":\"https:\\\/\\\/awasuka.org\\\/es\\\/musica\\\/#breadcrumb\",\"itemListElement\":[{\"@type\":\"ListItem\",\"position\":1,\"name\":\"Portada\",\"item\":\"https:\\\/\\\/awasuka.org\\\/es\\\/home\\\/\"},{\"@type\":\"ListItem\",\"position\":2,\"name\":\"Difusi\u00f3n Musical\"}]},{\"@type\":\"WebSite\",\"@id\":\"https:\\\/\\\/awasuka.org\\\/es\\\/#website\",\"url\":\"https:\\\/\\\/awasuka.org\\\/es\\\/\",\"name\":\"Awasuka.org\",\"description\":\"\",\"potentialAction\":[{\"@type\":\"SearchAction\",\"target\":{\"@type\":\"EntryPoint\",\"urlTemplate\":\"https:\\\/\\\/awasuka.org\\\/es\\\/?s={search_term_string}\"},\"query-input\":{\"@type\":\"PropertyValueSpecification\",\"valueRequired\":true,\"valueName\":\"search_term_string\"}}],\"inLanguage\":\"es\"}]}<\/script>\n<!-- \/ Yoast SEO plugin. -->","yoast_head_json":{"title":"Difusi\u00f3n Musical - Awasuka.org","robots":{"index":"index","follow":"follow","max-snippet":"max-snippet:-1","max-image-preview":"max-image-preview:large","max-video-preview":"max-video-preview:-1"},"canonical":"https:\/\/awasuka.org\/es\/musica\/","og_locale":"es_ES","og_type":"article","og_title":"Difusi\u00f3n Musical - Awasuka.org","og_url":"https:\/\/awasuka.org\/es\/musica\/","og_site_name":"Awasuka.org","article_modified_time":"2020-05-16T16:13:56+00:00","twitter_card":"summary_large_image","twitter_misc":{"Tiempo de lectura":"4 minutos"},"schema":{"@context":"https:\/\/schema.org","@graph":[{"@type":"WebPage","@id":"https:\/\/awasuka.org\/es\/musica\/","url":"https:\/\/awasuka.org\/es\/musica\/","name":"Difusi\u00f3n Musical - Awasuka.org","isPartOf":{"@id":"https:\/\/awasuka.org\/es\/#website"},"datePublished":"2020-02-10T17:31:45+00:00","dateModified":"2020-05-16T16:13:56+00:00","breadcrumb":{"@id":"https:\/\/awasuka.org\/es\/musica\/#breadcrumb"},"inLanguage":"es","potentialAction":[{"@type":"ReadAction","target":["https:\/\/awasuka.org\/es\/musica\/"]}]},{"@type":"BreadcrumbList","@id":"https:\/\/awasuka.org\/es\/musica\/#breadcrumb","itemListElement":[{"@type":"ListItem","position":1,"name":"Portada","item":"https:\/\/awasuka.org\/es\/home\/"},{"@type":"ListItem","position":2,"name":"Difusi\u00f3n Musical"}]},{"@type":"WebSite","@id":"https:\/\/awasuka.org\/es\/#website","url":"https:\/\/awasuka.org\/es\/","name":"Awasuka.org","description":"","potentialAction":[{"@type":"SearchAction","target":{"@type":"EntryPoint","urlTemplate":"https:\/\/awasuka.org\/es\/?s={search_term_string}"},"query-input":{"@type":"PropertyValueSpecification","valueRequired":true,"valueName":"search_term_string"}}],"inLanguage":"es"}]}},"_links":{"self":[{"href":"https:\/\/awasuka.org\/es\/wp-json\/wp\/v2\/pages\/3630","targetHints":{"allow":["GET"]}}],"collection":[{"href":"https:\/\/awasuka.org\/es\/wp-json\/wp\/v2\/pages"}],"about":[{"href":"https:\/\/awasuka.org\/es\/wp-json\/wp\/v2\/types\/page"}],"author":[{"embeddable":true,"href":"https:\/\/awasuka.org\/es\/wp-json\/wp\/v2\/users\/1"}],"replies":[{"embeddable":true,"href":"https:\/\/awasuka.org\/es\/wp-json\/wp\/v2\/comments?post=3630"}],"version-history":[{"count":0,"href":"https:\/\/awasuka.org\/es\/wp-json\/wp\/v2\/pages\/3630\/revisions"}],"wp:attachment":[{"href":"https:\/\/awasuka.org\/es\/wp-json\/wp\/v2\/media?parent=3630"}],"curies":[{"name":"wp","href":"https:\/\/api.w.org\/{rel}","templated":true}]}}