{"id":3535,"date":"2020-02-10T17:05:34","date_gmt":"2020-02-10T16:05:34","guid":{"rendered":"https:\/\/awasuka.org\/?page_id=3535"},"modified":"2020-03-28T11:28:54","modified_gmt":"2020-03-28T10:28:54","slug":"impacte","status":"publish","type":"page","link":"https:\/\/awasuka.org\/es\/impacte\/","title":{"rendered":"Impacto"},"content":{"rendered":"\n<style type=\"text\/css\" data-created_by=\"avia_inline_auto\" id=\"style-css-av-k6gnlw1b-4dde13a586e5f5c1b2d83c7d084add91\">\n.avia-section.av-k6gnlw1b-4dde13a586e5f5c1b2d83c7d084add91{\nbackground-color:#e46c0b;\nbackground-image:unset;\n}\n<\/style>\n<div id='av_section_1'  class='avia-section av-k6gnlw1b-4dde13a586e5f5c1b2d83c7d084add91 main_color avia-section-default avia-no-border-styling  avia-builder-el-0  el_before_av_one_half  avia-builder-el-first  avia-bg-style-scroll container_wrap fullsize'  ><div class='container av-section-cont-open' ><main  role=\"main\" itemprop=\"mainContentOfPage\"  class='template-page content  av-content-full alpha units'><div class='post-entry post-entry-type-page post-entry-3535'><div class='entry-content-wrapper clearfix'>\n\n<style type=\"text\/css\" data-created_by=\"avia_inline_auto\" id=\"style-css-av-k8bh2qhd-2739dd4697701023ac8046b7028edc62\">\n#top .av-special-heading.av-k8bh2qhd-2739dd4697701023ac8046b7028edc62{\npadding-bottom:10px;\ncolor:#ffffff;\n}\nbody .av-special-heading.av-k8bh2qhd-2739dd4697701023ac8046b7028edc62 .av-special-heading-tag .heading-char{\nfont-size:25px;\n}\n.av-special-heading.av-k8bh2qhd-2739dd4697701023ac8046b7028edc62 .special-heading-inner-border{\nborder-color:#ffffff;\n}\n.av-special-heading.av-k8bh2qhd-2739dd4697701023ac8046b7028edc62 .av-subheading{\nfont-size:15px;\n}\n<\/style>\n<div  class='av-special-heading av-k8bh2qhd-2739dd4697701023ac8046b7028edc62 av-special-heading-h1 custom-color-heading blockquote modern-quote  avia-builder-el-1  avia-builder-el-no-sibling  av-linked-heading'><div class='av_custom_color av-subheading av-subheading_above'><p>Awasuka<\/p>\n<\/div><h1 class='av-special-heading-tag '  itemprop=\"headline\"  >IMPACTO<\/h1><div class=\"special-heading-border\"><div class=\"special-heading-inner-border\"><\/div><\/div><\/div>\n<\/div><\/div><\/main><!-- close content main element --><\/div><\/div><div id='after_section_1'  class='main_color av_default_container_wrap container_wrap fullsize'  ><div class='container av-section-cont-open' ><div class='template-page content  av-content-full alpha units'><div class='post-entry post-entry-type-page post-entry-3535'><div class='entry-content-wrapper clearfix'>\n<style type=\"text\/css\" data-created_by=\"avia_inline_auto\" id=\"style-css-av-a8d6e7-a91b338d0cc9dc927c89612d8912b265\">\n.flex_column.av-a8d6e7-a91b338d0cc9dc927c89612d8912b265{\nborder-radius:0px 0px 0px 0px;\npadding:0px 0px 0px 0px;\n}\n<\/style>\n<div  class='flex_column av-a8d6e7-a91b338d0cc9dc927c89612d8912b265 av_one_half  avia-builder-el-2  el_after_av_section  el_before_av_one_half  avia-builder-el-first  first flex_column_div av-zero-column-padding  '     ><style type=\"text\/css\" data-created_by=\"avia_inline_auto\" id=\"style-css-av-k6gnaupl-7eaee8466b2fc355a3425cfaf2e03cce\">\n#top .avia-icon-list-container.av-k6gnaupl-7eaee8466b2fc355a3425cfaf2e03cce .iconlist_icon{\nbackground-color:#e46c0b;\n}\n<\/style>\n<div  class='avia-icon-list-container av-k6gnaupl-7eaee8466b2fc355a3425cfaf2e03cce  avia-builder-el-3  avia-builder-el-no-sibling '><ul class='avia-icon-list avia_animate_when_almost_visible avia-icon-list-left av-iconlist-big av-k6gnaupl-7eaee8466b2fc355a3425cfaf2e03cce avia-iconlist-animate'>\n<li><div class='iconlist_icon av-1r2y9r-1bb90a10ddfdd742e0647aa3ef590d2c avia-font-entypo-fontello avia-iconfont avia-font-entypo-fontello'><span class='av-icon-char' data-av_icon='\ue812' data-av_iconfont='entypo-fontello' aria-hidden=\"true\"><\/span><\/div><article class=\"article-icon-entry \"  itemscope=\"itemscope\" itemtype=\"https:\/\/schema.org\/CreativeWork\" ><div class=\"iconlist_content_wrap\"><header class=\"entry-content-header\" aria-label=\"Icon: M\u00c1S DE 150 CASAS VISITADAS Y ANALIZADAS\"><h4 class='av_iconlist_title iconlist_title  '  itemprop=\"headline\" >M\u00c1S DE 150 CASAS VISITADAS Y ANALIZADAS<\/h4><\/header><div class='iconlist_content '  itemprop=\"text\" ><p>Estudio de los sistemas constructivos tradicionales de las zonas rurales nepal\u00edes.<\/p>\n<\/div><\/div><footer class=\"entry-footer\"><\/footer><\/article><div class=\"iconlist-timeline\"><\/div><\/li>\n<li><div class='iconlist_icon av-frklpr-72a0a5b22cbd9f916738b717181f6cca avia-font-entypo-fontello avia-iconfont avia-font-entypo-fontello'><span class='av-icon-char' data-av_icon='\ue812' data-av_iconfont='entypo-fontello' aria-hidden=\"true\"><\/span><\/div><article class=\"article-icon-entry \"  itemscope=\"itemscope\" itemtype=\"https:\/\/schema.org\/CreativeWork\" ><div class=\"iconlist_content_wrap\"><header class=\"entry-content-header\" aria-label=\"Icon: M\u00c1S DE 100 PERSONAS FORMADAS EN CONSTRUCCI\u00d3N SISMO-RESISTENTE\"><h4 class='av_iconlist_title iconlist_title  '  itemprop=\"headline\" >M\u00c1S DE 100 PERSONAS FORMADAS EN CONSTRUCCI\u00d3N SISMO-RESISTENTE<\/h4><\/header><div class='iconlist_content '  itemprop=\"text\" ><p>Durante los procesos de construcci\u00f3n de prototipos (25+) y las casas (75+), yendo desde aprendices, peones, alba\u00f1iles, operarios y trabajadores, hasta los propios beneficiarios. Certificados entregados en Julio 2017.<\/p>\n<\/div><\/div><footer class=\"entry-footer\"><\/footer><\/article><div class=\"iconlist-timeline\"><\/div><\/li>\n<li><div class='iconlist_icon av-1d8eqn-d46510bfc81d1efaca6028da9f719dea avia-font-entypo-fontello avia-iconfont avia-font-entypo-fontello'><span class='av-icon-char' data-av_icon='\ue812' data-av_iconfont='entypo-fontello' aria-hidden=\"true\"><\/span><\/div><article class=\"article-icon-entry \"  itemscope=\"itemscope\" itemtype=\"https:\/\/schema.org\/CreativeWork\" ><div class=\"iconlist_content_wrap\"><header class=\"entry-content-header\" aria-label=\"Icon: &quot;BLOQUE DE HORMIG\u00d3N CONFINADO&quot; APROBADO POR EL GOBIERNO DE NEPAL\"><h4 class='av_iconlist_title iconlist_title  '  itemprop=\"headline\" >\"BLOQUE DE HORMIG\u00d3N CONFINADO\" APROBADO POR EL GOBIERNO DE NEPAL<\/h4><\/header><div class='iconlist_content '  itemprop=\"text\" ><p>Sistema de construcci\u00f3n sismo-resistente aprobado por la NRA (Autoridad Nepal\u00ed de Reconstruccion). Desarrollado para adaptarse al entorno rural y actualmente disponible en todo el pa\u00eds para que todos puedan implementarlo. Es una t\u00e9cnica constructiva muy sencilla de construir, r\u00e1pida y econ\u00f3mica.<\/p>\n<\/div><\/div><footer class=\"entry-footer\"><\/footer><\/article><div class=\"iconlist-timeline\"><\/div><\/li>\n<li><div class='iconlist_icon av-d2d5rz-050db3778c78cd56eafc2db0432c7cfa avia-font-entypo-fontello avia-iconfont avia-font-entypo-fontello'><span class='av-icon-char' data-av_icon='\ue812' data-av_iconfont='entypo-fontello' aria-hidden=\"true\"><\/span><\/div><article class=\"article-icon-entry \"  itemscope=\"itemscope\" itemtype=\"https:\/\/schema.org\/CreativeWork\" ><div class=\"iconlist_content_wrap\"><header class=\"entry-content-header\" aria-label=\"Icon: SISTEMA DE REFUERZO PROPIO\"><h4 class='av_iconlist_title iconlist_title  '  itemprop=\"headline\" >SISTEMA DE REFUERZO PROPIO<\/h4><\/header><div class='iconlist_content '  itemprop=\"text\" ><p>El sistema, una combinaci\u00f3n de diferentes t\u00e9cnicas de refuerzo, es muy sencillo, econ\u00f3mico y efectivo. Mejora la sismo-resistencia de la arquitectura tradicional de piedra y barro nepal\u00ed y goza de una perfecta adaptaci\u00f3n cultural y paisaj\u00edstica.<\/p>\n<\/div><\/div><footer class=\"entry-footer\"><\/footer><\/article><div class=\"iconlist-timeline\"><\/div><\/li>\n<li><div class='iconlist_icon av-amifr3-ec7f41d65897dcab0578680118eea451 avia-font-entypo-fontello avia-iconfont avia-font-entypo-fontello'><span class='av-icon-char' data-av_icon='\ue800' data-av_iconfont='entypo-fontello' aria-hidden=\"true\"><\/span><\/div><article class=\"article-icon-entry \"  itemscope=\"itemscope\" itemtype=\"https:\/\/schema.org\/CreativeWork\" ><div class=\"iconlist_content_wrap\"><header class=\"entry-content-header\" aria-label=\"Icon: 20 CASAS SISMO-RESISTENTES\"><h4 class='av_iconlist_title iconlist_title  '  itemprop=\"headline\" >20 CASAS SISMO-RESISTENTES<\/h4><\/header><div class='iconlist_content '  itemprop=\"text\" ><p>Dotadas de caracter\u00edsticas sismo-resistentes: prototipos, casas nuevas y casas reforzadas, donde se han puesto en pr\u00e1ctica los diversos sistemas constructivos desarrollados.<\/p>\n<\/div><\/div><footer class=\"entry-footer\"><\/footer><\/article><div class=\"iconlist-timeline\"><\/div><\/li>\n<\/ul><\/div><\/div><\/p>\n\n<style type=\"text\/css\" data-created_by=\"avia_inline_auto\" id=\"style-css-av-929ehr-9134c7ed053c46bb81ae7fb139ecfc1f\">\n.flex_column.av-929ehr-9134c7ed053c46bb81ae7fb139ecfc1f{\nborder-radius:0px 0px 0px 0px;\npadding:0px 0px 0px 0px;\n}\n<\/style>\n<div  class='flex_column av-929ehr-9134c7ed053c46bb81ae7fb139ecfc1f av_one_half  avia-builder-el-4  el_after_av_one_half  avia-builder-el-last  flex_column_div av-zero-column-padding  '     ><style type=\"text\/css\" data-created_by=\"avia_inline_auto\" id=\"style-css-av-k6gne8u3-97495c08a5865fbb3e66328ee0e7b3d8\">\n#top .avia-icon-list-container.av-k6gne8u3-97495c08a5865fbb3e66328ee0e7b3d8 .iconlist_icon{\nbackground-color:#e46c0b;\n}\n<\/style>\n<div  class='avia-icon-list-container av-k6gne8u3-97495c08a5865fbb3e66328ee0e7b3d8  avia-builder-el-5  avia-builder-el-no-sibling '><ul class='avia-icon-list avia_animate_when_almost_visible avia-icon-list-left av-iconlist-big av-k6gne8u3-97495c08a5865fbb3e66328ee0e7b3d8 avia-iconlist-animate'>\n<li><div class='iconlist_icon av-9in1db-079772e4daafd84c01ef43aa2eb47a3b avia-font-entypo-fontello avia-iconfont avia-font-entypo-fontello'><span class='av-icon-char' data-av_icon='\ue812' data-av_iconfont='entypo-fontello' aria-hidden=\"true\"><\/span><\/div><article class=\"article-icon-entry \"  itemscope=\"itemscope\" itemtype=\"https:\/\/schema.org\/CreativeWork\" ><div class=\"iconlist_content_wrap\"><header class=\"entry-content-header\" aria-label=\"Icon: 333 COCINAS SIN HUMO\"><h4 class='av_iconlist_title iconlist_title  '  itemprop=\"headline\" >333 COCINAS SIN HUMO<\/h4><\/header><div class='iconlist_content '  itemprop=\"text\" ><p>Dotadas de chimenea y cocina mejorada. Incluye tambi\u00e9n las correspondientes sesiones de concienciaci\u00f3n, habiendo impactado unas 1000 familias en todo el municipio de Bhimphedi (desarrollado en 4 meses).<\/p>\n<\/div><\/div><footer class=\"entry-footer\"><\/footer><\/article><div class=\"iconlist-timeline\"><\/div><\/li>\n<li><div class='iconlist_icon av-7lbyu7-5251556d6e6d647d94f6479a7f27cf59 avia-font-entypo-fontello avia-iconfont avia-font-entypo-fontello'><span class='av-icon-char' data-av_icon='\ue812' data-av_iconfont='entypo-fontello' aria-hidden=\"true\"><\/span><\/div><article class=\"article-icon-entry \"  itemscope=\"itemscope\" itemtype=\"https:\/\/schema.org\/CreativeWork\" ><div class=\"iconlist_content_wrap\"><header class=\"entry-content-header\" aria-label=\"Icon: 100 BOTELLAS DE SOLUCI\u00d3N DE CLORO\"><h4 class='av_iconlist_title iconlist_title  '  itemprop=\"headline\" >100 BOTELLAS DE SOLUCI\u00d3N DE CLORO<\/h4><\/header><div class='iconlist_content '  itemprop=\"text\" ><p>Distribuidas en zonas remotas, incluyendo sesiones de formaci\u00f3n sobre el tratamiento de agua, hechas junto con la concienciaci\u00f3n sobre chimeneas y cocinas sin humo.<\/p>\n<\/div><\/div><footer class=\"entry-footer\"><\/footer><\/article><div class=\"iconlist-timeline\"><\/div><\/li>\n<li><div class='iconlist_icon av-648j3z-95c85d53c78da2163ef3138779cf3bb7 avia-font-entypo-fontello avia-iconfont avia-font-entypo-fontello'><span class='av-icon-char' data-av_icon='\ue812' data-av_iconfont='entypo-fontello' aria-hidden=\"true\"><\/span><\/div><article class=\"article-icon-entry \"  itemscope=\"itemscope\" itemtype=\"https:\/\/schema.org\/CreativeWork\" ><div class=\"iconlist_content_wrap\"><header class=\"entry-content-header\" aria-label=\"Icon: PROYECTOS PARALELOS PARA EL AYUNTAMIENTO\"><h4 class='av_iconlist_title iconlist_title  '  itemprop=\"headline\" >PROYECTOS PARALELOS PARA EL AYUNTAMIENTO<\/h4><\/header><div class='iconlist_content '  itemprop=\"text\" ><p>El primer mapa sat\u00e9lite del municipio, informe de gesti\u00f3n de residuos, dossier de fotograf\u00edas de edificios hist\u00f3ricos, asesoramiento y abogac\u00eda para la preservaci\u00f3n del patrimonio hist\u00f3rico.<\/p>\n<\/div><\/div><footer class=\"entry-footer\"><\/footer><\/article><div class=\"iconlist-timeline\"><\/div><\/li>\n<li><div class='iconlist_icon av-473ocf-2ac0559c2db0859b8e32e20f4c115d96 avia-font-entypo-fontello avia-iconfont avia-font-entypo-fontello'><span class='av-icon-char' data-av_icon='\ue812' data-av_iconfont='entypo-fontello' aria-hidden=\"true\"><\/span><\/div><article class=\"article-icon-entry \"  itemscope=\"itemscope\" itemtype=\"https:\/\/schema.org\/CreativeWork\" ><div class=\"iconlist_content_wrap\"><header class=\"entry-content-header\" aria-label=\"Icon: 5 VIDEOS DE DIFUSI\u00d3N\"><h4 class='av_iconlist_title iconlist_title  '  itemprop=\"headline\" >5 VIDEOS DE DIFUSI\u00d3N<\/h4><\/header><div class='iconlist_content '  itemprop=\"text\" ><p>Videos sobre las Casas Seguras para ser utilizados en sesiones de concienciaci\u00f3n. Entre todos superan las 20.000 visitas en Youtube, siendo Block Wood oro Stone l\u00edder con 16.000 visionados.<\/p>\n<\/div><\/div><footer class=\"entry-footer\"><\/footer><\/article><div class=\"iconlist-timeline\"><\/div><\/li>\n<li><div class='iconlist_icon av-1urmi7-042bacda60a847b0314b27f5e15cd77d avia-font-entypo-fontello avia-iconfont avia-font-entypo-fontello'><span class='av-icon-char' data-av_icon='\ue812' data-av_iconfont='entypo-fontello' aria-hidden=\"true\"><\/span><\/div><article class=\"article-icon-entry \"  itemscope=\"itemscope\" itemtype=\"https:\/\/schema.org\/CreativeWork\" ><div class=\"iconlist_content_wrap\"><header class=\"entry-content-header\" aria-label=\"Icon: WEB AWASUKA Y MEMORIA FINAL\"><h4 class='av_iconlist_title iconlist_title  '  itemprop=\"headline\" >WEB AWASUKA Y MEMORIA FINAL<\/h4><\/header><div class='iconlist_content '  itemprop=\"text\" ><p>Documentos para la difusi\u00f3n y la divulgaci\u00f3n de los conocimientos adquiridos, con m\u00e1s de 20 documentos descargables.<\/p>\n<\/div><\/div><footer class=\"entry-footer\"><\/footer><\/article><div class=\"iconlist-timeline\"><\/div><\/li>\n<\/ul><\/div><\/div>\n","protected":false},"excerpt":{"rendered":"","protected":false},"author":1,"featured_media":0,"parent":0,"menu_order":0,"comment_status":"closed","ping_status":"closed","template":"","meta":{"footnotes":""},"class_list":["post-3535","page","type-page","status-publish","hentry"],"yoast_head":"<!-- This site is optimized with the Yoast SEO plugin v27.4 - https:\/\/yoast.com\/product\/yoast-seo-wordpress\/ -->\n<title>Impacto - Awasuka.org<\/title>\n<meta name=\"robots\" content=\"index, follow, max-snippet:-1, max-image-preview:large, max-video-preview:-1\" \/>\n<link rel=\"canonical\" href=\"https:\/\/awasuka.org\/es\/impacte\/\" \/>\n<meta property=\"og:locale\" content=\"es_ES\" \/>\n<meta property=\"og:type\" content=\"article\" \/>\n<meta property=\"og:title\" content=\"Impacto - Awasuka.org\" \/>\n<meta property=\"og:url\" content=\"https:\/\/awasuka.org\/es\/impacte\/\" \/>\n<meta property=\"og:site_name\" content=\"Awasuka.org\" \/>\n<meta property=\"article:modified_time\" content=\"2020-03-28T10:28:54+00:00\" \/>\n<meta name=\"twitter:card\" content=\"summary_large_image\" \/>\n<meta name=\"twitter:label1\" content=\"Tiempo de lectura\" \/>\n\t<meta name=\"twitter:data1\" content=\"6 minutos\" \/>\n<script type=\"application\/ld+json\" class=\"yoast-schema-graph\">{\"@context\":\"https:\\\/\\\/schema.org\",\"@graph\":[{\"@type\":\"WebPage\",\"@id\":\"https:\\\/\\\/awasuka.org\\\/es\\\/impacte\\\/\",\"url\":\"https:\\\/\\\/awasuka.org\\\/es\\\/impacte\\\/\",\"name\":\"Impacto - Awasuka.org\",\"isPartOf\":{\"@id\":\"https:\\\/\\\/awasuka.org\\\/es\\\/#website\"},\"datePublished\":\"2020-02-10T16:05:34+00:00\",\"dateModified\":\"2020-03-28T10:28:54+00:00\",\"breadcrumb\":{\"@id\":\"https:\\\/\\\/awasuka.org\\\/es\\\/impacte\\\/#breadcrumb\"},\"inLanguage\":\"es\",\"potentialAction\":[{\"@type\":\"ReadAction\",\"target\":[\"https:\\\/\\\/awasuka.org\\\/es\\\/impacte\\\/\"]}]},{\"@type\":\"BreadcrumbList\",\"@id\":\"https:\\\/\\\/awasuka.org\\\/es\\\/impacte\\\/#breadcrumb\",\"itemListElement\":[{\"@type\":\"ListItem\",\"position\":1,\"name\":\"Portada\",\"item\":\"https:\\\/\\\/awasuka.org\\\/es\\\/home\\\/\"},{\"@type\":\"ListItem\",\"position\":2,\"name\":\"Impacto\"}]},{\"@type\":\"WebSite\",\"@id\":\"https:\\\/\\\/awasuka.org\\\/es\\\/#website\",\"url\":\"https:\\\/\\\/awasuka.org\\\/es\\\/\",\"name\":\"Awasuka.org\",\"description\":\"\",\"potentialAction\":[{\"@type\":\"SearchAction\",\"target\":{\"@type\":\"EntryPoint\",\"urlTemplate\":\"https:\\\/\\\/awasuka.org\\\/es\\\/?s={search_term_string}\"},\"query-input\":{\"@type\":\"PropertyValueSpecification\",\"valueRequired\":true,\"valueName\":\"search_term_string\"}}],\"inLanguage\":\"es\"}]}<\/script>\n<!-- \/ Yoast SEO plugin. -->","yoast_head_json":{"title":"Impacto - Awasuka.org","robots":{"index":"index","follow":"follow","max-snippet":"max-snippet:-1","max-image-preview":"max-image-preview:large","max-video-preview":"max-video-preview:-1"},"canonical":"https:\/\/awasuka.org\/es\/impacte\/","og_locale":"es_ES","og_type":"article","og_title":"Impacto - Awasuka.org","og_url":"https:\/\/awasuka.org\/es\/impacte\/","og_site_name":"Awasuka.org","article_modified_time":"2020-03-28T10:28:54+00:00","twitter_card":"summary_large_image","twitter_misc":{"Tiempo de lectura":"6 minutos"},"schema":{"@context":"https:\/\/schema.org","@graph":[{"@type":"WebPage","@id":"https:\/\/awasuka.org\/es\/impacte\/","url":"https:\/\/awasuka.org\/es\/impacte\/","name":"Impacto - Awasuka.org","isPartOf":{"@id":"https:\/\/awasuka.org\/es\/#website"},"datePublished":"2020-02-10T16:05:34+00:00","dateModified":"2020-03-28T10:28:54+00:00","breadcrumb":{"@id":"https:\/\/awasuka.org\/es\/impacte\/#breadcrumb"},"inLanguage":"es","potentialAction":[{"@type":"ReadAction","target":["https:\/\/awasuka.org\/es\/impacte\/"]}]},{"@type":"BreadcrumbList","@id":"https:\/\/awasuka.org\/es\/impacte\/#breadcrumb","itemListElement":[{"@type":"ListItem","position":1,"name":"Portada","item":"https:\/\/awasuka.org\/es\/home\/"},{"@type":"ListItem","position":2,"name":"Impacto"}]},{"@type":"WebSite","@id":"https:\/\/awasuka.org\/es\/#website","url":"https:\/\/awasuka.org\/es\/","name":"Awasuka.org","description":"","potentialAction":[{"@type":"SearchAction","target":{"@type":"EntryPoint","urlTemplate":"https:\/\/awasuka.org\/es\/?s={search_term_string}"},"query-input":{"@type":"PropertyValueSpecification","valueRequired":true,"valueName":"search_term_string"}}],"inLanguage":"es"}]}},"_links":{"self":[{"href":"https:\/\/awasuka.org\/es\/wp-json\/wp\/v2\/pages\/3535","targetHints":{"allow":["GET"]}}],"collection":[{"href":"https:\/\/awasuka.org\/es\/wp-json\/wp\/v2\/pages"}],"about":[{"href":"https:\/\/awasuka.org\/es\/wp-json\/wp\/v2\/types\/page"}],"author":[{"embeddable":true,"href":"https:\/\/awasuka.org\/es\/wp-json\/wp\/v2\/users\/1"}],"replies":[{"embeddable":true,"href":"https:\/\/awasuka.org\/es\/wp-json\/wp\/v2\/comments?post=3535"}],"version-history":[{"count":0,"href":"https:\/\/awasuka.org\/es\/wp-json\/wp\/v2\/pages\/3535\/revisions"}],"wp:attachment":[{"href":"https:\/\/awasuka.org\/es\/wp-json\/wp\/v2\/media?parent=3535"}],"curies":[{"name":"wp","href":"https:\/\/api.w.org\/{rel}","templated":true}]}}