{"id":3510,"date":"2020-02-10T16:46:03","date_gmt":"2020-02-10T15:46:03","guid":{"rendered":"https:\/\/awasuka.org\/?page_id=3510"},"modified":"2022-02-11T23:13:07","modified_gmt":"2022-02-11T22:13:07","slug":"organitzacions","status":"publish","type":"page","link":"https:\/\/awasuka.org\/es\/organitzacions\/","title":{"rendered":"Organizaciones"},"content":{"rendered":"\n<style type=\"text\/css\" data-created_by=\"avia_inline_auto\" id=\"style-css-av-k6gnlw1b-4dde13a586e5f5c1b2d83c7d084add91\">\n.avia-section.av-k6gnlw1b-4dde13a586e5f5c1b2d83c7d084add91{\nbackground-color:#e46c0b;\nbackground-image:unset;\n}\n<\/style>\n<div id='av_section_1'  class='avia-section av-k6gnlw1b-4dde13a586e5f5c1b2d83c7d084add91 main_color avia-section-default avia-no-border-styling  avia-builder-el-0  el_before_av_one_full  avia-builder-el-first  avia-bg-style-scroll container_wrap fullsize'  ><div class='container av-section-cont-open' ><main  role=\"main\" itemprop=\"mainContentOfPage\"  class='template-page content  av-content-full alpha units'><div class='post-entry post-entry-type-page post-entry-3510'><div class='entry-content-wrapper clearfix'>\n\n<style type=\"text\/css\" data-created_by=\"avia_inline_auto\" id=\"style-css-av-k8bgr77e-d11d543c1e3407b1cd4c37d85dc49bb8\">\n#top .av-special-heading.av-k8bgr77e-d11d543c1e3407b1cd4c37d85dc49bb8{\npadding-bottom:10px;\ncolor:#ffffff;\n}\nbody .av-special-heading.av-k8bgr77e-d11d543c1e3407b1cd4c37d85dc49bb8 .av-special-heading-tag .heading-char{\nfont-size:25px;\n}\n.av-special-heading.av-k8bgr77e-d11d543c1e3407b1cd4c37d85dc49bb8 .special-heading-inner-border{\nborder-color:#ffffff;\n}\n.av-special-heading.av-k8bgr77e-d11d543c1e3407b1cd4c37d85dc49bb8 .av-subheading{\nfont-size:15px;\n}\n<\/style>\n<div  class='av-special-heading av-k8bgr77e-d11d543c1e3407b1cd4c37d85dc49bb8 av-special-heading-h1 custom-color-heading blockquote modern-quote  avia-builder-el-1  avia-builder-el-no-sibling  av-linked-heading'><div class='av_custom_color av-subheading av-subheading_above'><p>Awasuka<\/p>\n<\/div><h1 class='av-special-heading-tag '  itemprop=\"headline\"  >ORGANIZACIONES<\/h1><div class=\"special-heading-border\"><div class=\"special-heading-inner-border\"><\/div><\/div><\/div>\n<\/div><\/div><\/main><!-- close content main element --><\/div><\/div><div id='after_section_1'  class='main_color av_default_container_wrap container_wrap fullsize'  ><div class='container av-section-cont-open' ><div class='template-page content  av-content-full alpha units'><div class='post-entry post-entry-type-page post-entry-3510'><div class='entry-content-wrapper clearfix'>\n\n<style type=\"text\/css\" data-created_by=\"avia_inline_auto\" id=\"style-css-av-1xqd2u-8daa4063d8969c570be28dc0ef21021a\">\n.flex_column.av-1xqd2u-8daa4063d8969c570be28dc0ef21021a{\nborder-radius:0px 0px 0px 0px;\npadding:0px 0px 0px 0px;\n}\n<\/style>\n<div  class='flex_column av-1xqd2u-8daa4063d8969c570be28dc0ef21021a av_one_full  avia-builder-el-2  el_after_av_section  el_before_av_one_full  avia-builder-el-first  first flex_column_div av-zero-column-padding  '     ><section  class='av_textblock_section av-k6gm57kt-55695ee3117c62d164b1793b525d2fb3 '   itemscope=\"itemscope\" itemtype=\"https:\/\/schema.org\/CreativeWork\" ><div class='avia_textblock'  itemprop=\"text\" ><p style=\"text-align: center;\"><em><strong>Cooperar<\/strong>: trabajar juntos para conseguir un mismo objetivo.<\/em><\/p>\n<p>Awasuka es un programa de <strong>cooperaci\u00f3n<\/strong> que siempre ha sido fiel a esta definici\u00f3n, tanto en sus proyectos como en su forma de operar. El programa no es una organizaci\u00f3n en s\u00ed mismo, sino una plataforma de conocimiento impulsora de varios proyectos y actividades, del que otras entidades y organizaciones pueden beneficiarse con el fin de implementarlos. A veces, a pesar de trabajar por un mismo objetivo, es complicado que varias entidades <strong>cooperen<\/strong> entre s\u00ed, pero Awasuka asume ese reto y lo incorpora como parte esencial de su camino. A lo largo del tiempo ha contado con diversas organizaciones que se han coordinado haciendo trabajos diferentes y complementarios, y que han ido variando seg\u00fan los diferentes periodos y proyectos asumidos:<\/p>\n<\/div><\/section><\/div>\n\n<style type=\"text\/css\" data-created_by=\"avia_inline_auto\" id=\"style-css-av-a8d6e7-ef04d6c714f06f1ea6da97c67473b44c\">\n.flex_column.av-a8d6e7-ef04d6c714f06f1ea6da97c67473b44c{\nborder-radius:0px 0px 0px 0px;\npadding:0px 0px 0px 0px;\n}\n<\/style>\n<div  class='flex_column av-a8d6e7-ef04d6c714f06f1ea6da97c67473b44c av_one_full  avia-builder-el-4  el_after_av_one_full  avia-builder-el-last  first flex_column_div av-zero-column-padding  column-top-margin'     ><div  id=\"avia-timeline-1\"  class='avia-timeline-container av-k6gmp3z7-92d37901e31823a1b8624bf4d38e1c31 av-slideshow-ui  avia-builder-el-5  avia-builder-el-no-sibling ' ><ul class='avia-timeline avia-timeline-vertical av-milestone-placement-alternate avia-timeline- avia_animate_when_almost_visible avia-timeline-animate'>\n<li  class='av-milestone av-5dqiye-1a315fe5e247c5585cbe556a6763c762 av-animated-generic fade-in av-milestone-valign-baseline av-milestone-odd'><h2 class='av-milestone-date ' id='milestone-2020-presente' ><strong>2020-Presente<span class='av-milestone-indicator'><\/span><\/strong><\/h2><div class=\"av-milestone-icon-wrap\"><span class='av-milestone-icon milestone_icon avia-font-entypo-fontello'><span class='av-milestone-icon-inner milestone_inner'><i class='milestone-char avia-iconfont avia-font-entypo-fontello' data-av_icon='\ue889' data-av_iconfont='entypo-fontello' ><\/i><\/span><\/span><\/div><article class='av-milestone-content-wrap'><div class='av-milestone-contentbox'><header class=\"entry-content-header\" aria-label=\"Milestone: Programa Awasuka\"><h4 class='av-milestone-title '>Programa Awasuka<\/h4><\/header><div class='av-milestone-content'><p>A partir de <strong>2020<\/strong>, Awasuka pasa a desarrollarse desde las ONGs catalanas <strong>Base-A<\/strong> y <strong>Fundaci\u00f3 Privada Petit M\u00f3n<\/strong>, <strong>Rotary Club Kantipur<\/strong> a Nepal, y con la colaboraci\u00f3n de <strong>El Cam\u00ed de la Solidaritat<\/strong> y del <strong>CCD-UPC<\/strong>. Su principal objetivo es continuar instalando cocinas sin humo, con el reto de conseguir impactar todas las casas remotas del municipio (4200 casas en 250km2 &#8211; Censo 2011) y fomentando la defensa y preservaci\u00f3n del patrimonio hist\u00f3rico-arquitect\u00f3nico del pueblo de Bhimphedi, como modelos de arquitectura dotados de sistemas sismo-resistentes tradicionales.<br \/>\nEl brote mundial del nuevo <strong>coronavirus<\/strong> hace que las cocinas sin humo sean a\u00fan m\u00e1s necesarias, ya que las familias potencialmente beneficiarias sufren muchos problemas pulmonares.<\/p>\n<p style=\"text-align: center;\"><img loading=\"lazy\" decoding=\"async\" class=\"aligncenter wp-image-5374\" src=\"https:\/\/awasuka.org\/wp-content\/uploads\/2020\/06\/LOGO-AWASUKA-2020-80x80.jpg\" alt=\"\" width=\"453\" height=\"306\" srcset=\"https:\/\/awasuka.org\/wp-content\/uploads\/2020\/06\/LOGO-AWASUKA-2020-300x202.jpg 300w, https:\/\/awasuka.org\/wp-content\/uploads\/2020\/06\/LOGO-AWASUKA-2020-1030x695.jpg 1030w, https:\/\/awasuka.org\/wp-content\/uploads\/2020\/06\/LOGO-AWASUKA-2020-768x518.jpg 768w, https:\/\/awasuka.org\/wp-content\/uploads\/2020\/06\/LOGO-AWASUKA-2020-705x476.jpg 705w, https:\/\/awasuka.org\/wp-content\/uploads\/2020\/06\/LOGO-AWASUKA-2020.jpg 1298w\" sizes=\"auto, (max-width: 453px) 100vw, 453px\" \/><\/p>\n<ul>\n<li><strong><a href=\"http:\/\/base-a.org\/\" target=\"_blank\" rel=\"noopener\">Base A<\/a>. <\/strong> Coordinaci\u00f3n t\u00e9cnica y Ggesti\u00f3n de los cooperantes voluntarios. <a href=\"http:\/\/base-a-org.blogspot.com\/\" target=\"_blank\" rel=\"noopener\">Blog Base-A<\/a><\/li>\n<li><strong><a href=\"https:\/\/petitmon.org\/\" target=\"_blank\" rel=\"noopener\">Fundaci\u00f3 Privada Petit M\u00f3n<\/a>.<\/strong> Gesti\u00f3n de donaciones y proyectos de financiaci\u00f3n.<\/li>\n<li><a href=\"http:\/\/www.rotarykantipur.org\/en\/\" target=\"_blank\" rel=\"noopener\"><strong>Rotary Club Kantipur<\/strong><\/a><strong>. <\/strong>Socio Local. Gestiones oficiales, asesor\u00eda jur\u00eddica y monitorizaci\u00f3n local.<\/li>\n<li><strong><a href=\"http:\/\/elcamidelasolidaritat.org\/\" target=\"_blank\" rel=\"noopener\">El Cam\u00ed de la Solidaritat<\/a>.<\/strong> Recaudaci\u00f3n de fondos, marketing y evaluaci\u00f3n de impacto social.<\/li>\n<li><strong><a href=\"https:\/\/www.upc.edu\/ccd\/ca\" target=\"_blank\" rel=\"noopener\">CCD-UPC<\/a><\/strong>. Financiaci\u00f3n gastos de terreno cooperantes voluntarios.<\/li>\n<\/ul>\n<\/div><\/div><footer class='av-milestone-article-footer entry-footer'><\/footer><\/article><\/li>\n<li  class='av-milestone av-gfn06-72e685fa1dd012b23f4af818d5af4e7c av-animated-generic fade-in av-milestone-valign-baseline av-milestone-even'><article class='av-milestone-content-wrap'><div class='av-milestone-contentbox'><header class=\"entry-content-header\" aria-label=\"Milestone: Programa Awasuka\"><h4 class='av-milestone-title '>Programa Awasuka<\/h4><\/header><div class='av-milestone-content'><p>A mediados de <strong>2015<\/strong> -tras el terremoto de Nepal- se crea el Programa Awasuka, incorpor\u00e1ndose la arquitectura sismo-resistente y algunos proyectos paralelos. Hasta el a\u00f1o 2019, el programa lo desarrollan tres entidades catalanas: la ONG Base-A, la ONG Amigos del Nepal y el CCD-UPC, y en Nepal se implementa desde la Cooperativa Agragaami y el Rotary Club de Kantipur.<\/p>\n<p style=\"text-align: center;\"><img loading=\"lazy\" decoding=\"async\" class=\"aligncenter size-full wp-image-3511\" src=\"https:\/\/awasuka.org\/wp-content\/uploads\/2020\/02\/awasuka2015.png\" alt=\"\" width=\"572\" height=\"223\" srcset=\"https:\/\/awasuka.org\/wp-content\/uploads\/2020\/02\/awasuka2015.png 572w, https:\/\/awasuka.org\/wp-content\/uploads\/2020\/02\/awasuka2015-300x117.png 300w, https:\/\/awasuka.org\/wp-content\/uploads\/2020\/02\/awasuka2015-450x175.png 450w\" sizes=\"auto, (max-width: 572px) 100vw, 572px\" \/><\/p>\n<ul>\n<li><strong><a href=\"https:\/\/www.amicsnepal.org\/\" target=\"_blank\" rel=\"noopener\">Amics del Nepal<\/a>.<\/strong> Coordinaci\u00f3n General, infraestructura local y contabilidad<\/li>\n<li><strong><a href=\"http:\/\/base-a.org\/\" target=\"_blank\" rel=\"noopener\">Base A<\/a>. <\/strong> Coordinaci\u00f3n T\u00e9cnica y Gesti\u00f3n de los Cooperantes Voluntarios. <a href=\"http:\/\/base-a-org.blogspot.com\/\" target=\"_blank\" rel=\"noopener\">Blog Base-A<\/a><\/li>\n<li><strong><a href=\"https:\/\/www.upc.edu\/ccd\/ca\" target=\"_blank\" rel=\"noopener\">CCD-UPC<\/a>. <\/strong>Colaborador en Financiaci\u00f3n de los Gastos de Terreno los Cooperantes Voluntarios y Asesoramiento de Experto en Cooperaci\u00f3n<\/li>\n<li><strong>Agragaami Krishak Krishi Sahakaari. <\/strong> Contraparte. Cooperativa de Agricultura: organizaci\u00f3n local y difusi\u00f3n social<\/li>\n<li><a href=\"http:\/\/www.rotarykantipur.org\/en\/\" target=\"_blank\" rel=\"noopener\"><strong>Rotary Club Kantipu<\/strong><\/a><strong>. <\/strong> Socio Local: Gestiones con el Gobierno, asesor\u00eda jurid\u00edca y coordinaci\u00f3n local<\/li>\n<\/ul>\n<\/div><\/div><footer class='av-milestone-article-footer entry-footer'><\/footer><\/article><div class=\"av-milestone-icon-wrap\"><span class='av-milestone-icon milestone_icon avia-font-entypo-fontello'><span class='av-milestone-icon-inner milestone_inner'><i class='milestone-char avia-iconfont avia-font-entypo-fontello' data-av_icon='\ue888' data-av_iconfont='entypo-fontello' ><\/i><\/span><\/span><\/div><h2 class='av-milestone-date ' id='milestone-2015-2019' ><strong>2015-2019<span class='av-milestone-indicator'><\/span><\/strong><\/h2><\/li>\n<li  class='av-milestone av-bq3ly-36994e99def8d38da3dd15f826116cac av-animated-generic fade-in av-milestone-valign-baseline av-milestone-odd'><h2 class='av-milestone-date ' id='milestone-2011-2015' ><strong>2011-2015<span class='av-milestone-indicator'><\/span><\/strong><\/h2><div class=\"av-milestone-icon-wrap\"><span class='av-milestone-icon milestone_icon avia-font-entypo-fontello'><span class='av-milestone-icon-inner milestone_inner'><i class='milestone-char avia-iconfont avia-font-entypo-fontello' data-av_icon='\ue889' data-av_iconfont='entypo-fontello' ><\/i><\/span><\/span><\/div><article class='av-milestone-content-wrap'><div class='av-milestone-contentbox'><header class=\"entry-content-header\" aria-label=\"Milestone: Proyectos Comunitarios\"><h4 class='av-milestone-title '>Proyectos Comunitarios<\/h4><\/header><div class='av-milestone-content'><p>Desde <strong>2011<\/strong> el equipo trabaja en proyectos comunitarios en las zonas rurales de Nepal, sobre todo en temas de <strong>agua<\/strong> y <strong>salud<\/strong>. En este periodo 2011-2015 se trabaja desde la ONG catalana Amigos del Nepal con el apoyo del CCD-UPC (Centro de Cooperaci\u00f3n al Desarrollo de la Universidad Polit\u00e9cnica de Catalu\u00f1a), contando con el apoyo de Rotary Internacional y Rotary Club Kantipur, a Nepal.<\/p>\n<ul>\n<li><strong><a href=\"https:\/\/www.amicsnepal.org\/\" target=\"_blank\" rel=\"noopener\">Amics del Nepal<\/a>.<\/strong> Coordinaci\u00f3n de Proyectos Comunitarios Puntuales<\/li>\n<li><strong><a href=\"https:\/\/www.upc.edu\/ccd\/ca\" target=\"_blank\" rel=\"noopener\">CCD-UPC<\/a>.<\/strong> Colaborador en Financiaci\u00f3n de los Gastos de Terreno los Cooperantes Voluntarios<\/li>\n<\/ul>\n<\/div><\/div><footer class='av-milestone-article-footer entry-footer'><\/footer><\/article><\/li>\n<\/ul><\/div><\/div>\n","protected":false},"excerpt":{"rendered":"","protected":false},"author":1,"featured_media":0,"parent":0,"menu_order":0,"comment_status":"closed","ping_status":"closed","template":"","meta":{"footnotes":""},"class_list":["post-3510","page","type-page","status-publish","hentry"],"yoast_head":"<!-- This site is optimized with the Yoast SEO plugin v27.4 - https:\/\/yoast.com\/product\/yoast-seo-wordpress\/ -->\n<title>Organizaciones - Awasuka.org<\/title>\n<meta name=\"robots\" content=\"index, follow, max-snippet:-1, max-image-preview:large, max-video-preview:-1\" \/>\n<link rel=\"canonical\" href=\"https:\/\/awasuka.org\/es\/organitzacions\/\" \/>\n<meta property=\"og:locale\" content=\"es_ES\" \/>\n<meta property=\"og:type\" content=\"article\" \/>\n<meta property=\"og:title\" content=\"Organizaciones - Awasuka.org\" \/>\n<meta property=\"og:url\" content=\"https:\/\/awasuka.org\/es\/organitzacions\/\" \/>\n<meta property=\"og:site_name\" content=\"Awasuka.org\" \/>\n<meta property=\"article:modified_time\" content=\"2022-02-11T22:13:07+00:00\" \/>\n<meta property=\"og:image\" content=\"https:\/\/awasuka.org\/wp-content\/uploads\/2020\/06\/LOGO-AWASUKA-2020-80x80.jpg\" \/>\n<meta name=\"twitter:card\" content=\"summary_large_image\" \/>\n<meta name=\"twitter:label1\" content=\"Tiempo de lectura\" \/>\n\t<meta name=\"twitter:data1\" content=\"7 minutos\" \/>\n<script type=\"application\/ld+json\" class=\"yoast-schema-graph\">{\"@context\":\"https:\\\/\\\/schema.org\",\"@graph\":[{\"@type\":\"WebPage\",\"@id\":\"https:\\\/\\\/awasuka.org\\\/es\\\/organitzacions\\\/\",\"url\":\"https:\\\/\\\/awasuka.org\\\/es\\\/organitzacions\\\/\",\"name\":\"Organizaciones - Awasuka.org\",\"isPartOf\":{\"@id\":\"https:\\\/\\\/awasuka.org\\\/es\\\/#website\"},\"primaryImageOfPage\":{\"@id\":\"https:\\\/\\\/awasuka.org\\\/es\\\/organitzacions\\\/#primaryimage\"},\"image\":{\"@id\":\"https:\\\/\\\/awasuka.org\\\/es\\\/organitzacions\\\/#primaryimage\"},\"thumbnailUrl\":\"https:\\\/\\\/awasuka.org\\\/wp-content\\\/uploads\\\/2020\\\/06\\\/LOGO-AWASUKA-2020-80x80.jpg\",\"datePublished\":\"2020-02-10T15:46:03+00:00\",\"dateModified\":\"2022-02-11T22:13:07+00:00\",\"breadcrumb\":{\"@id\":\"https:\\\/\\\/awasuka.org\\\/es\\\/organitzacions\\\/#breadcrumb\"},\"inLanguage\":\"es\",\"potentialAction\":[{\"@type\":\"ReadAction\",\"target\":[\"https:\\\/\\\/awasuka.org\\\/es\\\/organitzacions\\\/\"]}]},{\"@type\":\"ImageObject\",\"inLanguage\":\"es\",\"@id\":\"https:\\\/\\\/awasuka.org\\\/es\\\/organitzacions\\\/#primaryimage\",\"url\":\"https:\\\/\\\/awasuka.org\\\/wp-content\\\/uploads\\\/2020\\\/06\\\/LOGO-AWASUKA-2020-80x80.jpg\",\"contentUrl\":\"https:\\\/\\\/awasuka.org\\\/wp-content\\\/uploads\\\/2020\\\/06\\\/LOGO-AWASUKA-2020-80x80.jpg\"},{\"@type\":\"BreadcrumbList\",\"@id\":\"https:\\\/\\\/awasuka.org\\\/es\\\/organitzacions\\\/#breadcrumb\",\"itemListElement\":[{\"@type\":\"ListItem\",\"position\":1,\"name\":\"Portada\",\"item\":\"https:\\\/\\\/awasuka.org\\\/es\\\/home\\\/\"},{\"@type\":\"ListItem\",\"position\":2,\"name\":\"Organizaciones\"}]},{\"@type\":\"WebSite\",\"@id\":\"https:\\\/\\\/awasuka.org\\\/es\\\/#website\",\"url\":\"https:\\\/\\\/awasuka.org\\\/es\\\/\",\"name\":\"Awasuka.org\",\"description\":\"\",\"potentialAction\":[{\"@type\":\"SearchAction\",\"target\":{\"@type\":\"EntryPoint\",\"urlTemplate\":\"https:\\\/\\\/awasuka.org\\\/es\\\/?s={search_term_string}\"},\"query-input\":{\"@type\":\"PropertyValueSpecification\",\"valueRequired\":true,\"valueName\":\"search_term_string\"}}],\"inLanguage\":\"es\"}]}<\/script>\n<!-- \/ Yoast SEO plugin. -->","yoast_head_json":{"title":"Organizaciones - Awasuka.org","robots":{"index":"index","follow":"follow","max-snippet":"max-snippet:-1","max-image-preview":"max-image-preview:large","max-video-preview":"max-video-preview:-1"},"canonical":"https:\/\/awasuka.org\/es\/organitzacions\/","og_locale":"es_ES","og_type":"article","og_title":"Organizaciones - Awasuka.org","og_url":"https:\/\/awasuka.org\/es\/organitzacions\/","og_site_name":"Awasuka.org","article_modified_time":"2022-02-11T22:13:07+00:00","og_image":[{"url":"https:\/\/awasuka.org\/wp-content\/uploads\/2020\/06\/LOGO-AWASUKA-2020-80x80.jpg","type":"","width":"","height":""}],"twitter_card":"summary_large_image","twitter_misc":{"Tiempo de lectura":"7 minutos"},"schema":{"@context":"https:\/\/schema.org","@graph":[{"@type":"WebPage","@id":"https:\/\/awasuka.org\/es\/organitzacions\/","url":"https:\/\/awasuka.org\/es\/organitzacions\/","name":"Organizaciones - Awasuka.org","isPartOf":{"@id":"https:\/\/awasuka.org\/es\/#website"},"primaryImageOfPage":{"@id":"https:\/\/awasuka.org\/es\/organitzacions\/#primaryimage"},"image":{"@id":"https:\/\/awasuka.org\/es\/organitzacions\/#primaryimage"},"thumbnailUrl":"https:\/\/awasuka.org\/wp-content\/uploads\/2020\/06\/LOGO-AWASUKA-2020-80x80.jpg","datePublished":"2020-02-10T15:46:03+00:00","dateModified":"2022-02-11T22:13:07+00:00","breadcrumb":{"@id":"https:\/\/awasuka.org\/es\/organitzacions\/#breadcrumb"},"inLanguage":"es","potentialAction":[{"@type":"ReadAction","target":["https:\/\/awasuka.org\/es\/organitzacions\/"]}]},{"@type":"ImageObject","inLanguage":"es","@id":"https:\/\/awasuka.org\/es\/organitzacions\/#primaryimage","url":"https:\/\/awasuka.org\/wp-content\/uploads\/2020\/06\/LOGO-AWASUKA-2020-80x80.jpg","contentUrl":"https:\/\/awasuka.org\/wp-content\/uploads\/2020\/06\/LOGO-AWASUKA-2020-80x80.jpg"},{"@type":"BreadcrumbList","@id":"https:\/\/awasuka.org\/es\/organitzacions\/#breadcrumb","itemListElement":[{"@type":"ListItem","position":1,"name":"Portada","item":"https:\/\/awasuka.org\/es\/home\/"},{"@type":"ListItem","position":2,"name":"Organizaciones"}]},{"@type":"WebSite","@id":"https:\/\/awasuka.org\/es\/#website","url":"https:\/\/awasuka.org\/es\/","name":"Awasuka.org","description":"","potentialAction":[{"@type":"SearchAction","target":{"@type":"EntryPoint","urlTemplate":"https:\/\/awasuka.org\/es\/?s={search_term_string}"},"query-input":{"@type":"PropertyValueSpecification","valueRequired":true,"valueName":"search_term_string"}}],"inLanguage":"es"}]}},"_links":{"self":[{"href":"https:\/\/awasuka.org\/es\/wp-json\/wp\/v2\/pages\/3510","targetHints":{"allow":["GET"]}}],"collection":[{"href":"https:\/\/awasuka.org\/es\/wp-json\/wp\/v2\/pages"}],"about":[{"href":"https:\/\/awasuka.org\/es\/wp-json\/wp\/v2\/types\/page"}],"author":[{"embeddable":true,"href":"https:\/\/awasuka.org\/es\/wp-json\/wp\/v2\/users\/1"}],"replies":[{"embeddable":true,"href":"https:\/\/awasuka.org\/es\/wp-json\/wp\/v2\/comments?post=3510"}],"version-history":[{"count":0,"href":"https:\/\/awasuka.org\/es\/wp-json\/wp\/v2\/pages\/3510\/revisions"}],"wp:attachment":[{"href":"https:\/\/awasuka.org\/es\/wp-json\/wp\/v2\/media?parent=3510"}],"curies":[{"name":"wp","href":"https:\/\/api.w.org\/{rel}","templated":true}]}}