{"id":4499,"date":"2020-03-25T13:54:09","date_gmt":"2020-03-25T12:54:09","guid":{"rendered":"https:\/\/awasuka.org\/?page_id=4499"},"modified":"2020-03-25T13:54:09","modified_gmt":"2020-03-25T12:54:09","slug":"voluntariat-2","status":"publish","type":"page","link":"https:\/\/awasuka.org\/en\/voluntariat-2\/","title":{"rendered":"Voluntariat"},"content":{"rendered":"\n<style type=\"text\/css\" data-created_by=\"avia_inline_auto\" id=\"style-css-av-k6gnlw1b-4dde13a586e5f5c1b2d83c7d084add91\">\n.avia-section.av-k6gnlw1b-4dde13a586e5f5c1b2d83c7d084add91{\nbackground-color:#e46c0b;\nbackground-image:unset;\n}\n<\/style>\n<div id='av_section_1'  class='avia-section av-k6gnlw1b-4dde13a586e5f5c1b2d83c7d084add91 main_color avia-section-default avia-no-border-styling  avia-builder-el-0  el_before_av_one_half  avia-builder-el-first  avia-bg-style-scroll container_wrap fullsize'  ><div class='container av-section-cont-open' ><main  role=\"main\" itemprop=\"mainContentOfPage\"  class='template-page content  av-content-full alpha units'><div class='post-entry post-entry-type-page post-entry-4499'><div class='entry-content-wrapper clearfix'>\n\n<style type=\"text\/css\" data-created_by=\"avia_inline_auto\" id=\"style-css-av-k6qqprag-df5747b8202d0a99cd860b8bd3c16b73\">\n#top .av-special-heading.av-k6qqprag-df5747b8202d0a99cd860b8bd3c16b73{\npadding-bottom:10px;\ncolor:#ffffff;\n}\nbody .av-special-heading.av-k6qqprag-df5747b8202d0a99cd860b8bd3c16b73 .av-special-heading-tag .heading-char{\nfont-size:25px;\n}\n.av-special-heading.av-k6qqprag-df5747b8202d0a99cd860b8bd3c16b73 .special-heading-inner-border{\nborder-color:#ffffff;\n}\n.av-special-heading.av-k6qqprag-df5747b8202d0a99cd860b8bd3c16b73 .av-subheading{\nfont-size:15px;\n}\n<\/style>\n<div  class='av-special-heading av-k6qqprag-df5747b8202d0a99cd860b8bd3c16b73 av-special-heading-h1 custom-color-heading blockquote modern-quote  avia-builder-el-1  avia-builder-el-no-sibling '><div class='av_custom_color av-subheading av-subheading_above'><p>Participa<\/p>\n<\/div><h1 class='av-special-heading-tag '  itemprop=\"headline\"  >Voluntariat<\/h1><div class=\"special-heading-border\"><div class=\"special-heading-inner-border\"><\/div><\/div><\/div>\n<\/div><\/div><\/main><!-- close content main element --><\/div><\/div><div id='after_section_1'  class='main_color av_default_container_wrap container_wrap fullsize'  ><div class='container av-section-cont-open' ><div class='template-page content  av-content-full alpha units'><div class='post-entry post-entry-type-page post-entry-4499'><div class='entry-content-wrapper clearfix'>\n<style type=\"text\/css\" data-created_by=\"avia_inline_auto\" id=\"style-css-av-a8d6e7-a91b338d0cc9dc927c89612d8912b265\">\n.flex_column.av-a8d6e7-a91b338d0cc9dc927c89612d8912b265{\nborder-radius:0px 0px 0px 0px;\npadding:0px 0px 0px 0px;\n}\n<\/style>\n<div  class='flex_column av-a8d6e7-a91b338d0cc9dc927c89612d8912b265 av_one_half  avia-builder-el-2  el_after_av_section  el_before_av_one_half  avia-builder-el-first  first flex_column_div av-zero-column-padding  '     ><section  class='av_textblock_section av-k6gpfpmv-66fea5237eb5a3b611795ce823c26c6d '   itemscope=\"itemscope\" itemtype=\"https:\/\/schema.org\/CreativeWork\" ><div class='avia_textblock'  itemprop=\"text\" ><p>A Awasuka la major part de les tasques s\u00f3n realitzades per cooperants voluntaris, tots ells amb formaci\u00f3 professional dins del seu camp. En aquest punt volem aclarir que ser voluntari no implica falta de professionalitat, sino tot el contrari. \u00a0Les feines es realitzen tant des de Barcelona com des de Nepal, normalment amb cooperants t\u00e8cnics tipus: arquitectes, aparelladors, top\u00f2grafs, enginyers, etc&#8230;<\/p>\n<p>La majoria d\u2019aquests ja queden coberts per la Universitat UPC, que a trav\u00e9s del CCD i pr\u00e8via sol.licitud d\u2019ajut, financia les despeses dels cooperants. Per\u00f2 dins d\u2019una ONG hi ha moltes altres tasques que s\u00f3n necess\u00e0ries per tal de poder seguir endavant, i en aquest sentit, busquem a professionals que vulguin col.laborar i implicar-se en els seg\u00fcents camps, de forma volunt\u00e0ria o cobrant un preu col.laboratiu.<\/p>\n<\/div><\/section><\/div><\/p>\n\n<style type=\"text\/css\" data-created_by=\"avia_inline_auto\" id=\"style-css-av-a8d6e7-5da04602d0155edf7953ee0f79b7375e\">\n.flex_column.av-a8d6e7-5da04602d0155edf7953ee0f79b7375e{\nborder-radius:0px 0px 0px 0px;\npadding:0px 0px 0px 0px;\n}\n<\/style>\n<div  class='flex_column av-a8d6e7-5da04602d0155edf7953ee0f79b7375e av_one_half  avia-builder-el-4  el_after_av_one_half  avia-builder-el-last  flex_column_div av-zero-column-padding  '     ><section  class='av_textblock_section av-k6gpfpmv-66fea5237eb5a3b611795ce823c26c6d '   itemscope=\"itemscope\" itemtype=\"https:\/\/schema.org\/CreativeWork\" ><div class='avia_textblock'  itemprop=\"text\" ><ul>\n<li><strong>Traduccions <\/strong>en Idiomes: Angl\u00e8s, Nepal\u00e8s, Catal\u00e0, Espanyol<\/li>\n<li><strong>Comunicaci\u00f3<\/strong>: elaboraci\u00f3 de campanyes de difusi\u00f3 de la nostra feina en xarxes i mitjans<\/li>\n<li><strong>Audiovisuals<\/strong>: elaboraci\u00f3 de videos curts de divulgaci\u00f3, amb material que ja tenim.<\/li>\n<li><strong>Gestoria i Comptabilitat<\/strong>: suport en portar la comptabilitat dels projectes, declaracions.<\/li>\n<li><strong>Finan\u00e7ament<\/strong>: presentar el projecte a diverses empreses per aconseguir suport.<\/li>\n<li><strong>Maquetaci\u00f3<\/strong>: disseny de p\u00e0gines i preparaci\u00f3 de publicacions.<\/li>\n<\/ul>\n<\/div><\/section><\/div>\n","protected":false},"excerpt":{"rendered":"","protected":false},"author":1,"featured_media":0,"parent":0,"menu_order":0,"comment_status":"closed","ping_status":"closed","template":"","meta":{"footnotes":""},"class_list":["post-4499","page","type-page","status-publish","hentry"],"yoast_head":"<!-- This site is optimized with the Yoast SEO plugin v27.4 - https:\/\/yoast.com\/product\/yoast-seo-wordpress\/ -->\n<title>Voluntariat - Awasuka.org<\/title>\n<meta name=\"robots\" content=\"index, follow, max-snippet:-1, max-image-preview:large, max-video-preview:-1\" \/>\n<link rel=\"canonical\" href=\"https:\/\/awasuka.org\/en\/voluntariat-2\/\" \/>\n<meta property=\"og:locale\" content=\"en_US\" \/>\n<meta property=\"og:type\" content=\"article\" \/>\n<meta property=\"og:title\" content=\"Voluntariat - Awasuka.org\" \/>\n<meta property=\"og:url\" content=\"https:\/\/awasuka.org\/en\/voluntariat-2\/\" \/>\n<meta property=\"og:site_name\" content=\"Awasuka.org\" \/>\n<meta name=\"twitter:card\" content=\"summary_large_image\" \/>\n<meta name=\"twitter:label1\" content=\"Est. reading time\" \/>\n\t<meta name=\"twitter:data1\" content=\"3 minutes\" \/>\n<script type=\"application\/ld+json\" class=\"yoast-schema-graph\">{\"@context\":\"https:\\\/\\\/schema.org\",\"@graph\":[{\"@type\":\"WebPage\",\"@id\":\"https:\\\/\\\/awasuka.org\\\/en\\\/voluntariat-2\\\/\",\"url\":\"https:\\\/\\\/awasuka.org\\\/en\\\/voluntariat-2\\\/\",\"name\":\"Voluntariat - Awasuka.org\",\"isPartOf\":{\"@id\":\"https:\\\/\\\/awasuka.org\\\/es\\\/#website\"},\"datePublished\":\"2020-03-25T12:54:09+00:00\",\"breadcrumb\":{\"@id\":\"https:\\\/\\\/awasuka.org\\\/en\\\/voluntariat-2\\\/#breadcrumb\"},\"inLanguage\":\"en-US\",\"potentialAction\":[{\"@type\":\"ReadAction\",\"target\":[\"https:\\\/\\\/awasuka.org\\\/en\\\/voluntariat-2\\\/\"]}]},{\"@type\":\"BreadcrumbList\",\"@id\":\"https:\\\/\\\/awasuka.org\\\/en\\\/voluntariat-2\\\/#breadcrumb\",\"itemListElement\":[{\"@type\":\"ListItem\",\"position\":1,\"name\":\"Portada\",\"item\":\"https:\\\/\\\/awasuka.org\\\/en\\\/home\\\/\"},{\"@type\":\"ListItem\",\"position\":2,\"name\":\"Voluntariat\"}]},{\"@type\":\"WebSite\",\"@id\":\"https:\\\/\\\/awasuka.org\\\/es\\\/#website\",\"url\":\"https:\\\/\\\/awasuka.org\\\/es\\\/\",\"name\":\"Awasuka.org\",\"description\":\"\",\"potentialAction\":[{\"@type\":\"SearchAction\",\"target\":{\"@type\":\"EntryPoint\",\"urlTemplate\":\"https:\\\/\\\/awasuka.org\\\/es\\\/?s={search_term_string}\"},\"query-input\":{\"@type\":\"PropertyValueSpecification\",\"valueRequired\":true,\"valueName\":\"search_term_string\"}}],\"inLanguage\":\"en-US\"}]}<\/script>\n<!-- \/ Yoast SEO plugin. -->","yoast_head_json":{"title":"Voluntariat - Awasuka.org","robots":{"index":"index","follow":"follow","max-snippet":"max-snippet:-1","max-image-preview":"max-image-preview:large","max-video-preview":"max-video-preview:-1"},"canonical":"https:\/\/awasuka.org\/en\/voluntariat-2\/","og_locale":"en_US","og_type":"article","og_title":"Voluntariat - Awasuka.org","og_url":"https:\/\/awasuka.org\/en\/voluntariat-2\/","og_site_name":"Awasuka.org","twitter_card":"summary_large_image","twitter_misc":{"Est. reading time":"3 minutes"},"schema":{"@context":"https:\/\/schema.org","@graph":[{"@type":"WebPage","@id":"https:\/\/awasuka.org\/en\/voluntariat-2\/","url":"https:\/\/awasuka.org\/en\/voluntariat-2\/","name":"Voluntariat - Awasuka.org","isPartOf":{"@id":"https:\/\/awasuka.org\/es\/#website"},"datePublished":"2020-03-25T12:54:09+00:00","breadcrumb":{"@id":"https:\/\/awasuka.org\/en\/voluntariat-2\/#breadcrumb"},"inLanguage":"en-US","potentialAction":[{"@type":"ReadAction","target":["https:\/\/awasuka.org\/en\/voluntariat-2\/"]}]},{"@type":"BreadcrumbList","@id":"https:\/\/awasuka.org\/en\/voluntariat-2\/#breadcrumb","itemListElement":[{"@type":"ListItem","position":1,"name":"Portada","item":"https:\/\/awasuka.org\/en\/home\/"},{"@type":"ListItem","position":2,"name":"Voluntariat"}]},{"@type":"WebSite","@id":"https:\/\/awasuka.org\/es\/#website","url":"https:\/\/awasuka.org\/es\/","name":"Awasuka.org","description":"","potentialAction":[{"@type":"SearchAction","target":{"@type":"EntryPoint","urlTemplate":"https:\/\/awasuka.org\/es\/?s={search_term_string}"},"query-input":{"@type":"PropertyValueSpecification","valueRequired":true,"valueName":"search_term_string"}}],"inLanguage":"en-US"}]}},"_links":{"self":[{"href":"https:\/\/awasuka.org\/en\/wp-json\/wp\/v2\/pages\/4499","targetHints":{"allow":["GET"]}}],"collection":[{"href":"https:\/\/awasuka.org\/en\/wp-json\/wp\/v2\/pages"}],"about":[{"href":"https:\/\/awasuka.org\/en\/wp-json\/wp\/v2\/types\/page"}],"author":[{"embeddable":true,"href":"https:\/\/awasuka.org\/en\/wp-json\/wp\/v2\/users\/1"}],"replies":[{"embeddable":true,"href":"https:\/\/awasuka.org\/en\/wp-json\/wp\/v2\/comments?post=4499"}],"version-history":[{"count":0,"href":"https:\/\/awasuka.org\/en\/wp-json\/wp\/v2\/pages\/4499\/revisions"}],"wp:attachment":[{"href":"https:\/\/awasuka.org\/en\/wp-json\/wp\/v2\/media?parent=4499"}],"curies":[{"name":"wp","href":"https:\/\/api.w.org\/{rel}","templated":true}]}}